{"id":309,"date":"2023-05-16T10:15:20","date_gmt":"2023-05-16T10:15:20","guid":{"rendered":"https:\/\/www.chatgpt247.com\/uns-kontaktieren\/"},"modified":"2023-05-16T11:10:11","modified_gmt":"2023-05-16T11:10:11","slug":"kontakt","status":"publish","type":"page","link":"https:\/\/www.chatgpt247.com\/de\/kontakt\/","title":{"rendered":"Kontaktieren Sie uns"},"content":{"rendered":"\n<p>Willkommen auf unserer Kontaktseite! Hier k\u00f6nnen Sie uns aus verschiedenen Gr\u00fcnden eine Nachricht schicken: eine Anfrage, eine Anregung, eine Kontaktaufnahme oder einfach nur, um uns Hallo zu sagen!<\/p>\n\n<p>Wir freuen uns immer \u00fcber Nachrichten von unseren Besuchern und bem\u00fchen uns, alle Anfragen so schnell wie m\u00f6glich zu beantworten. Wenn Sie eine Idee haben, wie wir unsere Website verbessern k\u00f6nnen, w\u00fcrden wir uns freuen, von Ihnen zu h\u00f6ren. Wenn Sie uns einfach nur Ihre<br\/>Kommentare, wir h\u00f6ren zu.<\/p>\n\n<p>Unser Kontaktformular ist einfach zu bedienen und Sie k\u00f6nnen uns jederzeit eine Nachricht schicken. Wir freuen uns darauf, von Ihnen zu h\u00f6ren und Ihnen auf jede erdenkliche Weise zu helfen. Z\u00f6gern Sie nicht, uns jetzt zu kontaktieren!<\/p>\n<div class=\"wpforms-container wpforms-container-full wpforms-block wpforms-block-b6f577fe-6121-4159-8514-598a072c77ae wpforms-render-modern\" id=\"wpforms-294\"><form id=\"wpforms-form-294\" class=\"wpforms-validate wpforms-form wpforms-ajax-form\" data-formid=\"294\" method=\"post\" enctype=\"multipart\/form-data\" action=\"\/de\/wp-json\/wp\/v2\/pages\/309\" data-token=\"34dc3afb92b303c6ee81320ca67468b2\" data-token-time=\"1778214032\"><noscript class=\"wpforms-error-noscript\">Bitte aktiviere JavaScript in deinem Browser, um dieses Formular fertigzustellen.<\/noscript><div id=\"wpforms-error-noscript\" style=\"display: none;\">Bitte aktiviere JavaScript in deinem Browser, um dieses Formular fertigzustellen.<\/div><div class=\"wpforms-field-container\"><div id=\"wpforms-294-field_0-container\" class=\"wpforms-field wpforms-field-name\" data-field-id=\"0\"><fieldset><legend class=\"wpforms-field-label\">Name <span class=\"wpforms-required-label\" aria-hidden=\"true\">*<\/span><\/legend><div class=\"wpforms-field-row wpforms-field-medium\"><div class=\"wpforms-field-row-block wpforms-first wpforms-one-half\"><input type=\"text\" id=\"wpforms-294-field_0\" class=\"wpforms-field-name-first wpforms-field-required\" name=\"wpforms[fields][0][first]\" aria-errormessage=\"wpforms-294-field_0-error\" required><label for=\"wpforms-294-field_0\" class=\"wpforms-field-sublabel after\">Vorname<\/label><\/div><div class=\"wpforms-field-row-block wpforms-one-half\"><input type=\"text\" id=\"wpforms-294-field_0-last\" class=\"wpforms-field-name-last wpforms-field-required\" name=\"wpforms[fields][0][last]\" aria-errormessage=\"wpforms-294-field_0-last-error\" required><label for=\"wpforms-294-field_0-last\" class=\"wpforms-field-sublabel after\">Nachname<\/label><\/div><\/div><\/fieldset><\/div><div id=\"wpforms-294-field_1-container\" class=\"wpforms-field wpforms-field-email\" data-field-id=\"1\"><fieldset><legend class=\"wpforms-field-label\">Email <span class=\"wpforms-required-label\" aria-hidden=\"true\">*<\/span><\/legend><div class=\"wpforms-field-row wpforms-field-medium\"><div class=\"wpforms-field-row-block wpforms-one-half wpforms-first\"><input type=\"email\" id=\"wpforms-294-field_1\" class=\"wpforms-field-required wpforms-field-email-primary\" name=\"wpforms[fields][1][primary]\" spellcheck=\"false\" aria-errormessage=\"wpforms-294-field_1-error\" required><label for=\"wpforms-294-field_1\" class=\"wpforms-field-sublabel after\">E-Mail-Adresse<\/label><\/div><div class=\"wpforms-field-row-block wpforms-one-half\"><input type=\"email\" id=\"wpforms-294-field_1-secondary\" class=\"wpforms-field-email-secondary wpforms-field-required\" data-rule-confirm=\"#wpforms-294-field_1\" name=\"wpforms[fields][1][secondary]\" spellcheck=\"false\" aria-errormessage=\"wpforms-294-field_1-secondary-error\" required><label for=\"wpforms-294-field_1-secondary\" class=\"wpforms-field-sublabel after\">E-Mail best\u00e4tigen<\/label><\/div><\/div><\/fieldset><\/div><div id=\"wpforms-294-field_2-container\" class=\"wpforms-field wpforms-field-textarea\" data-field-id=\"2\"><label class=\"wpforms-field-label\" for=\"wpforms-294-field_2\">Comment or Message<\/label><textarea id=\"wpforms-294-field_2\" class=\"wpforms-field-medium\" name=\"wpforms[fields][2]\" aria-errormessage=\"wpforms-294-field_2-error\" ><\/textarea><\/div><\/div><!-- .wpforms-field-container --><div class=\"wpforms-submit-container\" ><input type=\"hidden\" name=\"wpforms[id]\" value=\"294\"><input type=\"hidden\" name=\"page_title\" value=\"\"><input type=\"hidden\" name=\"page_url\" value=\"https:\/\/www.chatgpt247.com\/de\/wp-json\/wp\/v2\/pages\/309\"><input type=\"hidden\" name=\"url_referer\" value=\"\"><button type=\"submit\" name=\"wpforms[submit]\" id=\"wpforms-submit-294\" class=\"wpforms-submit\" data-alt-text=\"Sending...\" data-submit-text=\"Submit\" aria-live=\"assertive\" value=\"wpforms-submit\">Submit<\/button><img loading=\"lazy\" decoding=\"async\" src=\"https:\/\/www.chatgpt247.com\/wp-content\/plugins\/wpforms-lite\/assets\/images\/submit-spin.svg\" class=\"wpforms-submit-spinner\" style=\"display: none;\" width=\"26\" height=\"26\" alt=\"Wird geladen\"><\/div><\/form><\/div>  <!-- .wpforms-container -->","protected":false},"excerpt":{"rendered":"<p>Willkommen auf unserer Kontaktseite! Hier k\u00f6nnen Sie uns aus verschiedenen Gr\u00fcnden eine Nachricht schicken: eine Anfrage, eine Anregung, eine Kontaktaufnahme oder einfach nur, um uns Hallo zu sagen! Wir freuen uns immer \u00fcber Nachrichten von unseren Besuchern und bem\u00fchen uns, alle Anfragen so schnell wie m\u00f6glich zu beantworten. Wenn Sie &hellip; <\/p>\n","protected":false},"author":1,"featured_media":0,"parent":0,"menu_order":0,"comment_status":"closed","ping_status":"closed","template":"","meta":{"footnotes":""},"class_list":["post-309","page","type-page","status-publish","hentry"],"yoast_head":"<!-- This site is optimized with the Yoast SEO plugin v27.5 - https:\/\/yoast.com\/product\/yoast-seo-wordpress\/ -->\n<title>Kontaktieren Sie uns - ChatGPT 247<\/title>\n<meta name=\"robots\" content=\"index, follow, max-snippet:-1, max-image-preview:large, max-video-preview:-1\" \/>\n<link rel=\"canonical\" href=\"https:\/\/www.chatgpt247.com\/de\/kontakt\/\" \/>\n<meta property=\"og:locale\" content=\"de_DE\" \/>\n<meta property=\"og:type\" content=\"article\" \/>\n<meta property=\"og:title\" content=\"Kontaktieren Sie uns - ChatGPT 247\" \/>\n<meta property=\"og:description\" content=\"Willkommen auf unserer Kontaktseite! Hier k\u00f6nnen Sie uns aus verschiedenen Gr\u00fcnden eine Nachricht schicken: eine Anfrage, eine Anregung, eine Kontaktaufnahme oder einfach nur, um uns Hallo zu sagen! Wir freuen uns immer \u00fcber Nachrichten von unseren Besuchern und bem\u00fchen uns, alle Anfragen so schnell wie m\u00f6glich zu beantworten. Wenn Sie &hellip;\" \/>\n<meta property=\"og:url\" content=\"https:\/\/www.chatgpt247.com\/de\/kontakt\/\" \/>\n<meta property=\"og:site_name\" content=\"ChatGPT 247\" \/>\n<meta property=\"article:modified_time\" content=\"2023-05-16T11:10:11+00:00\" \/>\n<meta property=\"og:image\" content=\"https:\/\/www.chatgpt247.com\/wp-content\/uploads\/2023\/08\/machine-learning.jpg\" \/>\n\t<meta property=\"og:image:width\" content=\"1500\" \/>\n\t<meta property=\"og:image:height\" content=\"1000\" \/>\n\t<meta property=\"og:image:type\" content=\"image\/jpeg\" \/>\n<meta name=\"twitter:card\" content=\"summary_large_image\" \/>\n<meta name=\"twitter:label1\" content=\"Gesch\u00e4tzte Lesezeit\" \/>\n\t<meta name=\"twitter:data1\" content=\"1\u00a0Minute\" \/>\n<script type=\"application\/ld+json\" class=\"yoast-schema-graph\">{\"@context\":\"https:\\\/\\\/schema.org\",\"@graph\":[{\"@type\":\"WebPage\",\"@id\":\"https:\\\/\\\/www.chatgpt247.com\\\/de\\\/kontakt\\\/\",\"url\":\"https:\\\/\\\/www.chatgpt247.com\\\/de\\\/kontakt\\\/\",\"name\":\"Kontaktieren Sie uns - ChatGPT 247\",\"isPartOf\":{\"@id\":\"https:\\\/\\\/www.chatgpt247.com\\\/de\\\/#website\"},\"datePublished\":\"2023-05-16T10:15:20+00:00\",\"dateModified\":\"2023-05-16T11:10:11+00:00\",\"breadcrumb\":{\"@id\":\"https:\\\/\\\/www.chatgpt247.com\\\/de\\\/kontakt\\\/#breadcrumb\"},\"inLanguage\":\"de\",\"potentialAction\":[{\"@type\":\"ReadAction\",\"target\":[\"https:\\\/\\\/www.chatgpt247.com\\\/de\\\/kontakt\\\/\"]}]},{\"@type\":\"BreadcrumbList\",\"@id\":\"https:\\\/\\\/www.chatgpt247.com\\\/de\\\/kontakt\\\/#breadcrumb\",\"itemListElement\":[{\"@type\":\"ListItem\",\"position\":1,\"name\":\"Home\",\"item\":\"https:\\\/\\\/www.chatgpt247.com\\\/de\\\/\"},{\"@type\":\"ListItem\",\"position\":2,\"name\":\"Kontaktieren Sie uns\"}]},{\"@type\":\"WebSite\",\"@id\":\"https:\\\/\\\/www.chatgpt247.com\\\/de\\\/#website\",\"url\":\"https:\\\/\\\/www.chatgpt247.com\\\/de\\\/\",\"name\":\"ChatGPT 247\",\"description\":\"\",\"publisher\":{\"@id\":\"https:\\\/\\\/www.chatgpt247.com\\\/de\\\/#organization\"},\"potentialAction\":[{\"@type\":\"SearchAction\",\"target\":{\"@type\":\"EntryPoint\",\"urlTemplate\":\"https:\\\/\\\/www.chatgpt247.com\\\/de\\\/?s={search_term_string}\"},\"query-input\":{\"@type\":\"PropertyValueSpecification\",\"valueRequired\":true,\"valueName\":\"search_term_string\"}}],\"inLanguage\":\"de\"},{\"@type\":\"Organization\",\"@id\":\"https:\\\/\\\/www.chatgpt247.com\\\/de\\\/#organization\",\"name\":\"ChatGPT 247\",\"url\":\"https:\\\/\\\/www.chatgpt247.com\\\/de\\\/\",\"logo\":{\"@type\":\"ImageObject\",\"inLanguage\":\"de\",\"@id\":\"https:\\\/\\\/www.chatgpt247.com\\\/de\\\/#\\\/schema\\\/logo\\\/image\\\/\",\"url\":\"https:\\\/\\\/www.chatgpt247.com\\\/wp-content\\\/uploads\\\/2023\\\/06\\\/chatgpt-translation.jpg\",\"contentUrl\":\"https:\\\/\\\/www.chatgpt247.com\\\/wp-content\\\/uploads\\\/2023\\\/06\\\/chatgpt-translation.jpg\",\"width\":1500,\"height\":1015,\"caption\":\"ChatGPT 247\"},\"image\":{\"@id\":\"https:\\\/\\\/www.chatgpt247.com\\\/de\\\/#\\\/schema\\\/logo\\\/image\\\/\"}}]}<\/script>\n<!-- \/ Yoast SEO plugin. -->","yoast_head_json":{"title":"Kontaktieren Sie uns - ChatGPT 247","robots":{"index":"index","follow":"follow","max-snippet":"max-snippet:-1","max-image-preview":"max-image-preview:large","max-video-preview":"max-video-preview:-1"},"canonical":"https:\/\/www.chatgpt247.com\/de\/kontakt\/","og_locale":"de_DE","og_type":"article","og_title":"Kontaktieren Sie uns - ChatGPT 247","og_description":"Willkommen auf unserer Kontaktseite! Hier k\u00f6nnen Sie uns aus verschiedenen Gr\u00fcnden eine Nachricht schicken: eine Anfrage, eine Anregung, eine Kontaktaufnahme oder einfach nur, um uns Hallo zu sagen! Wir freuen uns immer \u00fcber Nachrichten von unseren Besuchern und bem\u00fchen uns, alle Anfragen so schnell wie m\u00f6glich zu beantworten. Wenn Sie &hellip;","og_url":"https:\/\/www.chatgpt247.com\/de\/kontakt\/","og_site_name":"ChatGPT 247","article_modified_time":"2023-05-16T11:10:11+00:00","og_image":[{"width":1500,"height":1000,"url":"https:\/\/www.chatgpt247.com\/wp-content\/uploads\/2023\/08\/machine-learning.jpg","type":"image\/jpeg"}],"twitter_card":"summary_large_image","twitter_misc":{"Gesch\u00e4tzte Lesezeit":"1\u00a0Minute"},"schema":{"@context":"https:\/\/schema.org","@graph":[{"@type":"WebPage","@id":"https:\/\/www.chatgpt247.com\/de\/kontakt\/","url":"https:\/\/www.chatgpt247.com\/de\/kontakt\/","name":"Kontaktieren Sie uns - ChatGPT 247","isPartOf":{"@id":"https:\/\/www.chatgpt247.com\/de\/#website"},"datePublished":"2023-05-16T10:15:20+00:00","dateModified":"2023-05-16T11:10:11+00:00","breadcrumb":{"@id":"https:\/\/www.chatgpt247.com\/de\/kontakt\/#breadcrumb"},"inLanguage":"de","potentialAction":[{"@type":"ReadAction","target":["https:\/\/www.chatgpt247.com\/de\/kontakt\/"]}]},{"@type":"BreadcrumbList","@id":"https:\/\/www.chatgpt247.com\/de\/kontakt\/#breadcrumb","itemListElement":[{"@type":"ListItem","position":1,"name":"Home","item":"https:\/\/www.chatgpt247.com\/de\/"},{"@type":"ListItem","position":2,"name":"Kontaktieren Sie uns"}]},{"@type":"WebSite","@id":"https:\/\/www.chatgpt247.com\/de\/#website","url":"https:\/\/www.chatgpt247.com\/de\/","name":"ChatGPT 247","description":"","publisher":{"@id":"https:\/\/www.chatgpt247.com\/de\/#organization"},"potentialAction":[{"@type":"SearchAction","target":{"@type":"EntryPoint","urlTemplate":"https:\/\/www.chatgpt247.com\/de\/?s={search_term_string}"},"query-input":{"@type":"PropertyValueSpecification","valueRequired":true,"valueName":"search_term_string"}}],"inLanguage":"de"},{"@type":"Organization","@id":"https:\/\/www.chatgpt247.com\/de\/#organization","name":"ChatGPT 247","url":"https:\/\/www.chatgpt247.com\/de\/","logo":{"@type":"ImageObject","inLanguage":"de","@id":"https:\/\/www.chatgpt247.com\/de\/#\/schema\/logo\/image\/","url":"https:\/\/www.chatgpt247.com\/wp-content\/uploads\/2023\/06\/chatgpt-translation.jpg","contentUrl":"https:\/\/www.chatgpt247.com\/wp-content\/uploads\/2023\/06\/chatgpt-translation.jpg","width":1500,"height":1015,"caption":"ChatGPT 247"},"image":{"@id":"https:\/\/www.chatgpt247.com\/de\/#\/schema\/logo\/image\/"}}]}},"_links":{"self":[{"href":"https:\/\/www.chatgpt247.com\/de\/wp-json\/wp\/v2\/pages\/309","targetHints":{"allow":["GET"]}}],"collection":[{"href":"https:\/\/www.chatgpt247.com\/de\/wp-json\/wp\/v2\/pages"}],"about":[{"href":"https:\/\/www.chatgpt247.com\/de\/wp-json\/wp\/v2\/types\/page"}],"author":[{"embeddable":true,"href":"https:\/\/www.chatgpt247.com\/de\/wp-json\/wp\/v2\/users\/1"}],"replies":[{"embeddable":true,"href":"https:\/\/www.chatgpt247.com\/de\/wp-json\/wp\/v2\/comments?post=309"}],"version-history":[{"count":0,"href":"https:\/\/www.chatgpt247.com\/de\/wp-json\/wp\/v2\/pages\/309\/revisions"}],"wp:attachment":[{"href":"https:\/\/www.chatgpt247.com\/de\/wp-json\/wp\/v2\/media?parent=309"}],"curies":[{"name":"wp","href":"https:\/\/api.w.org\/{rel}","templated":true}]}}