{"id":421,"date":"2023-05-17T09:06:33","date_gmt":"2023-05-17T09:06:33","guid":{"rendered":"https:\/\/www.chatgpt247.com\/sitemap\/"},"modified":"2023-05-17T12:14:19","modified_gmt":"2023-05-17T12:14:19","slug":"sitemap","status":"publish","type":"page","link":"https:\/\/www.chatgpt247.com\/de\/sitemap\/","title":{"rendered":"WebsiteKarte"},"content":{"rendered":"<div id=\"simple-sitemap-container-69efe17eda934\" class=\"simple-sitemap-container simple-sitemap-container-69efe17eda934 tab-disabled\"><div class=\"simple-sitemap-wrap\"><h3 class=\"post-type\">Beitr\u00e4ge<\/h3><ul class=\"simple-sitemap-post main\"><li class=\"sitemap-item\"><a href=\"https:\/\/www.chatgpt247.com\/de\/algorithmen-kuenstliche-intelligenz\/\">Algorithmen der k\u00fcnstlichen Intelligenz: Funktionsweise und Anwendungen<\/a><\/li><li class=\"sitemap-item\"><a href=\"https:\/\/www.chatgpt247.com\/de\/anthropic-startet-claude-in-europa-um-mit-chatgpt-zu-konkurrieren\/\">Anthropic startet Claude in Europa, um mit ChatGPT zu konkurrieren<\/a><\/li><li class=\"sitemap-item\"><a href=\"https:\/\/www.chatgpt247.com\/de\/apple-openai-revolutionare-partnerschaft\/\">Apple und OpenAI: Eine revolution\u00e4re Partnerschaft sorgt f\u00fcr Kontroversen<\/a><\/li><li class=\"sitemap-item\"><a href=\"https:\/\/www.chatgpt247.com\/de\/automatisierung-prozess-verkaufs-chatgpt\/\">Automatisierung des Verkaufsprozesses mit ChatGPT: eine Revolution f\u00fcr Unternehmen<\/a><\/li><li class=\"sitemap-item\"><a href=\"https:\/\/www.chatgpt247.com\/de\/maitriser-chatgpt\/\">Beherrschen Sie ChatGPT f\u00fcr eine verbesserte Kommunikation<\/a><\/li><li class=\"sitemap-item\"><a href=\"https:\/\/www.chatgpt247.com\/de\/chatbotgpt-online\/\">ChatbotGPT online: eine Revolution in der Kommunikation mit den Kunden<\/a><\/li><li class=\"sitemap-item\"><a href=\"https:\/\/www.chatgpt247.com\/de\/chatgpt-englisch\/\">Chatbots GPT auf Englisch: eine Revolution in der digitalen Kommunikation<\/a><\/li><li class=\"sitemap-item\"><a href=\"https:\/\/www.chatgpt247.com\/de\/service-client-chatbot-chatgpt\/\">Chatbots, Kundenservice und ChatGPT: eine Revolution f\u00fcr Unternehmen<\/a><\/li><li class=\"sitemap-item\"><a href=\"https:\/\/www.chatgpt247.com\/de\/chat-gpt-deutsch\/\">ChatGPT auf Deutsch: eine Revolution in der Kommunikation<\/a><\/li><li class=\"sitemap-item\"><a href=\"https:\/\/www.chatgpt247.com\/de\/chatgpt-auf-italienisch\/\">ChatGPT auf Italienisch: K\u00fcnstliche Intelligenz f\u00fcr nat\u00fcrliche Unterhaltungen<\/a><\/li><li class=\"sitemap-item\"><a href=\"https:\/\/www.chatgpt247.com\/de\/chatgpt-iphone\/\">ChatGPT iPhone: K\u00fcnstliche Intelligenz von OpenAI kommt auf Apple-Smartphones<\/a><\/li><li class=\"sitemap-item\"><a href=\"https:\/\/www.chatgpt247.com\/de\/chatgpt-mac\/\">ChatGPT Mac: Alles, was Sie wissen m\u00fcssen<\/a><\/li><li class=\"sitemap-item\"><a href=\"https:\/\/www.chatgpt247.com\/de\/chatgpt-math\/\">ChatGPT Math: Ihr virtueller Assistent zur L\u00f6sung Ihrer mathematischen Probleme<\/a><\/li><li class=\"sitemap-item\"><a href=\"https:\/\/www.chatgpt247.com\/de\/chatgpt-autorenrecht\/\">ChatGPT und das Urheberrecht: Was Sie wissen sollten<\/a><\/li><li class=\"sitemap-item\"><a href=\"https:\/\/www.chatgpt247.com\/de\/chatgpt-und-unternehmen-ein-erfolgreiches-duo-zur-verbesserung-der-kommunikation\/\">ChatGPT und Unternehmen: ein erfolgreiches Duo zur Verbesserung der Kommunikation<\/a><\/li><li class=\"sitemap-item\"><a href=\"https:\/\/www.chatgpt247.com\/de\/chatgpt-stimme\/\">ChatGPT Voice: Die revolution\u00e4re KI, die jede Stimme klonen kann<\/a><\/li><li class=\"sitemap-item\"><a href=\"https:\/\/www.chatgpt247.com\/de\/detector-chatgpt-ia\/\">ChatGPT-Detektor und KI<\/a><\/li><li class=\"sitemap-item\"><a href=\"https:\/\/www.chatgpt247.com\/de\/chatgpt-der-verbuendete-des-schuelers-um-seine-pruefungen-zu-bestehen\/\">ChatGPT, der Verb\u00fcndete des Sch\u00fclers, um seine Pr\u00fcfungen zu bestehen<\/a><\/li><li class=\"sitemap-item\"><a href=\"https:\/\/www.chatgpt247.com\/de\/chatgpt-kuenstler\/\">ChatGPT, der Verb\u00fcndete von K\u00fcnstlern f\u00fcr innovatives Musikmachen<\/a><\/li><li class=\"sitemap-item\"><a href=\"https:\/\/www.chatgpt247.com\/de\/chatgpt-ein-revolutionaeres-neues-tool-fuer-schriftsteller-und-drehbuchautoren\/\">ChatGPT, ein revolution\u00e4res neues Tool f\u00fcr Schriftsteller und Drehbuchautoren<\/a><\/li><li class=\"sitemap-item\"><a href=\"https:\/\/www.chatgpt247.com\/de\/chatgpt-fernarbeit\/\">ChatGPT: Das revolution\u00e4re Werkzeug f\u00fcr die Arbeit aus der Ferne<\/a><\/li><li class=\"sitemap-item\"><a href=\"https:\/\/www.chatgpt247.com\/de\/datenanalyse-chatgpt\/\">ChatGPT: Das revolution\u00e4re Werkzeug f\u00fcr die Datenanalyse<\/a><\/li><li class=\"sitemap-item\"><a href=\"https:\/\/www.chatgpt247.com\/de\/chatgpt-marketing-werbung\/\">ChatGPT: das revolution\u00e4re Werkzeug f\u00fcr Marketing und Werbung<\/a><\/li><li class=\"sitemap-item\"><a href=\"https:\/\/www.chatgpt247.com\/de\/chatgpt-fernunterricht\/\">ChatGPT: Der Conversational Agent im Dienste des Fernunterrichts<\/a><\/li><li class=\"sitemap-item\"><a href=\"https:\/\/www.chatgpt247.com\/de\/kommunikation-intern-chatgpt\/\">ChatGPT: Die Revolution der internen Kommunikation mithilfe von KI<\/a><\/li><li class=\"sitemap-item\"><a href=\"https:\/\/www.chatgpt247.com\/de\/chatgpt-automatisierte-uebersetzung\/\">ChatGPT: Die Zukunft der automatisierten \u00dcbersetzung<\/a><\/li><li class=\"sitemap-item\"><a href=\"https:\/\/www.chatgpt247.com\/de\/chatgpt-ihre-kunden\/\">ChatGPT: Effektive Unterst\u00fctzung f\u00fcr Ihre Kunden<\/a><\/li><li class=\"sitemap-item\"><a href=\"https:\/\/www.chatgpt247.com\/de\/chatgpt-projektmanagement\/\">ChatGPT: eine wichtige Innovation f\u00fcr das Projektmanagement<\/a><\/li><li class=\"sitemap-item\"><a href=\"https:\/\/www.chatgpt247.com\/de\/chatgpt-chinesisch\/\">Chinas ChatGPT: Der neue Player auf dem Markt f\u00fcr k\u00fcnstliche Intelligenz<\/a><\/li><li class=\"sitemap-item\"><a href=\"https:\/\/www.chatgpt247.com\/de\/kuenstliche-generative-intelligenz\/\">Der Aufstieg der generativen k\u00fcnstlichen Intelligenz: eine Revolution f\u00fcr Unternehmen<\/a><\/li><li class=\"sitemap-item\"><a href=\"https:\/\/www.chatgpt247.com\/de\/chatbot-definition-funktionieren\/\">Die Chatbot-Revolution: Definition und Funktionsweise<\/a><\/li><li class=\"sitemap-item\"><a href=\"https:\/\/www.chatgpt247.com\/de\/morgengrauen-google-gemini\/\">Die Geburtsstunde von Google Gemini: Die n\u00e4chste \u00c4ra der KI<\/a><\/li><li class=\"sitemap-item\"><a href=\"https:\/\/www.chatgpt247.com\/de\/email-chatgpt\/\">Die Kunst des E-Mail-Schreibens mit ChatGPT beherrschen<\/a><\/li><li class=\"sitemap-item\"><a href=\"https:\/\/www.chatgpt247.com\/de\/die-macht-der-kuenstlichen-intelligenz-und-der-neuronalen-netze\/\">Die Macht der k\u00fcnstlichen Intelligenz und der neuronalen Netze<\/a><\/li><li class=\"sitemap-item\"><a href=\"https:\/\/www.chatgpt247.com\/de\/revolution-selbstfahrenden-auto\/\">Die Revolution des selbstfahrenden Autos in vollem Gange<\/a><\/li><li class=\"sitemap-item\"><a href=\"https:\/\/www.chatgpt247.com\/de\/chatgpt-o3\/\">Die revolution\u00e4ren \u00c4nderungen von ChatGPT mit dem o3-Modell<\/a><\/li><li class=\"sitemap-item\"><a href=\"https:\/\/www.chatgpt247.com\/de\/cybersicherheit-kuenstliche-intelligenz\/\">Die Schnittmenge von Cybersicherheit und k\u00fcnstlicher Intelligenz: eine strategische Allianz<\/a><\/li><li class=\"sitemap-item\"><a href=\"https:\/\/www.chatgpt247.com\/de\/midjourney-kunstliche-intelligenz\/\">Die Welt von Midjourney erkunden: K\u00fcnstliche Intelligenz und visuelle Gestaltung<\/a><\/li><li class=\"sitemap-item\"><a href=\"https:\/\/www.chatgpt247.com\/de\/objectives-openai\/\">Die Ziele von OpenAI: K\u00fcnstliche Intelligenz zum Wohle aller umgestalten<\/a><\/li><li class=\"sitemap-item\"><a href=\"https:\/\/www.chatgpt247.com\/de\/claude-ai-kuenstliche-intelligenz\/\">Eine neue Generation k\u00fcnstlicher Intelligenz: Claude AI<\/a><\/li><li class=\"sitemap-item\"><a href=\"https:\/\/www.chatgpt247.com\/de\/chatbot-unternehmen\/\">Einen Chatbot f\u00fcr Unternehmen erstellen: eine erfolgreiche Strategie<\/a><\/li><li class=\"sitemap-item\"><a href=\"https:\/\/www.chatgpt247.com\/de\/chatbot-heft-der-aufgaben\/\">Einen leistungsstarken Chatbot erstellen: der ultimative Leitfaden f\u00fcr die Spezifikation<\/a><\/li><li class=\"sitemap-item\"><a href=\"https:\/\/www.chatgpt247.com\/de\/nvidia-blackwell-kuenstliche-intelligenz\/\">Einf\u00fchrung von Nvidia Blackwell: Beschleunigung der k\u00fcnstlichen Intelligenz mit einem neuen Grafikprozessor<\/a><\/li><li class=\"sitemap-item\"><a href=\"https:\/\/www.chatgpt247.com\/de\/decouvrez-chatgpt-4\/\">Entdecken Sie ChatGPT 4: Die Zukunft der intelligenten Konversationsanwendungen<\/a><\/li><li class=\"sitemap-item\"><a href=\"https:\/\/www.chatgpt247.com\/de\/chatgpt-poem\/\">Entdecken Sie ChatGPT Po\u00e8me: Die Revolution der Poesie durch k\u00fcnstliche Intelligenz<\/a><\/li><li class=\"sitemap-item\"><a href=\"https:\/\/www.chatgpt247.com\/de\/chatgpt-scenario\/\">Entdecken Sie ChatGPT, das revolution\u00e4re Werkzeug zur Erstellung von Szenarien<\/a><\/li><li class=\"sitemap-item\"><a href=\"https:\/\/www.chatgpt247.com\/de\/chatgpt-uebersetzung\/\">Entdecken Sie ChatGPT: das revolution\u00e4re Tool zum \u00dcbersetzen Ihrer Unterhaltungen<\/a><\/li><li class=\"sitemap-item\"><a href=\"https:\/\/www.chatgpt247.com\/de\/chatgpt-definition\/\">Entdecken Sie ChatGPT: Definition des kostenlosen Gespr\u00e4chspartners auf der Grundlage k\u00fcnstlicher Intelligenz<\/a><\/li><li class=\"sitemap-item\"><a href=\"https:\/\/www.chatgpt247.com\/de\/grenzen-chatgpt\/\">Entdecken Sie die Grenzen von ChatGPT f\u00fcr eine optimale Nutzererfahrung<\/a><\/li><li class=\"sitemap-item\"><a href=\"https:\/\/www.chatgpt247.com\/de\/prompt-chatgpt\/\">Entdecken Sie mit ChatGPT die Geheimnisse der Prompt-Redaktion<\/a><\/li><li class=\"sitemap-item\"><a href=\"https:\/\/www.chatgpt247.com\/de\/my-ai-snapchat\/\">Entdecken Sie My KI Snapchat: Eine Revolution in der Welt der Chatbots<\/a><\/li><li class=\"sitemap-item\"><a href=\"https:\/\/www.chatgpt247.com\/de\/chatgpt-4\/\">Entdeckung von ChatGPT 4: eine Revolution in der Online-Kommunikation<\/a><\/li><li class=\"sitemap-item\"><a href=\"https:\/\/www.chatgpt247.com\/de\/auswirkungen-des-chatsgpt\/\">Erforschung der Entwicklung und der Auswirkungen von ChatGPT im digitalen Zeitalter<\/a><\/li><li class=\"sitemap-item\"><a href=\"https:\/\/www.chatgpt247.com\/de\/creation-images-photos-artificial-intelligence\/\">Erstellen von Bildern und Fotos mithilfe von k\u00fcnstlicher Intelligenz<\/a><\/li><li class=\"sitemap-item\"><a href=\"https:\/\/www.chatgpt247.com\/de\/chatgpt-liebesbrief\/\">Erwecken Sie Ihre Gef\u00fchle mit ChatGPT zum Leben: Liebesbrief<\/a><\/li><li class=\"sitemap-item\"><a href=\"https:\/\/www.chatgpt247.com\/de\/ethik-kuenstliche-intelligenz\/\">Ethik in der k\u00fcnstlichen Intelligenz: eine gro\u00dfe Herausforderung f\u00fcr die Mitgliedstaaten<\/a><\/li><li class=\"sitemap-item\"><a href=\"https:\/\/www.chatgpt247.com\/de\/cinema-kuenstliche-intelligenz\/\">Film und K\u00fcnstliche Intelligenz: eine faszinierende Geschichte<\/a><\/li><li class=\"sitemap-item\"><a href=\"https:\/\/www.chatgpt247.com\/de\/finden-sie-heraus-ob-chatgpt-abgesturzt-ist\/\">Finden Sie heraus, ob ChatGPT abgest\u00fcrzt ist<\/a><\/li><li class=\"sitemap-item\"><a href=\"https:\/\/www.chatgpt247.com\/de\/gemini-antwort-google-openai\/\">Gemini: Googles Antwort auf den Marktf\u00fchrer OpenAI<\/a><\/li><li class=\"sitemap-item\"><a href=\"https:\/\/www.chatgpt247.com\/de\/google-deepmind-zukunft-kuenstliche-intelligenz\/\">Google Deepmind: Die ungewisse Zukunft der k\u00fcnstlichen Intelligenz<\/a><\/li><li class=\"sitemap-item\"><a href=\"https:\/\/www.chatgpt247.com\/de\/verstehen-kuenstliche-intelligenz\/\">GPT K\u00fcnstliche Intelligenz verstehen: Eine Revolution in der modernen Technologie<\/a><\/li><li class=\"sitemap-item\"><a href=\"https:\/\/www.chatgpt247.com\/de\/chat-gpt-franzoesisch\/\">GPT-Chat auf Deutsch: eine Revolution f\u00fcr virtuelle Assistenten<\/a><\/li><li class=\"sitemap-item\"><a href=\"https:\/\/www.chatgpt247.com\/de\/grok-ai-kunstliche-intelligenz-innovation\/\">Grok AI: Die neue Grenze der Innovation im Bereich der k\u00fcnstlichen Intelligenz<\/a><\/li><li class=\"sitemap-item\"><a href=\"https:\/\/www.chatgpt247.com\/de\/chatgpt-spanisch\/\">Kommunizieren Sie einfach mit der GPT-Chat-Technologie auf Spanisch<\/a><\/li><li class=\"sitemap-item\"><a href=\"https:\/\/www.chatgpt247.com\/de\/konversationsagenten-definition\/\">Konversationsagenten verstehen: Definition und Nutzen<\/a><\/li><li class=\"sitemap-item\"><a href=\"https:\/\/www.chatgpt247.com\/de\/kuenstliche-intelligenz-automobil\/\">K\u00fcnstliche Intelligenz revolutioniert die Automobilbranche<\/a><\/li><li class=\"sitemap-item\"><a href=\"https:\/\/www.chatgpt247.com\/de\/kuenstliche-intelligenz-bilder\/\">K\u00fcnstliche Intelligenz und Bilder<\/a><\/li><li class=\"sitemap-item\"><a href=\"https:\/\/www.chatgpt247.com\/de\/facial-recognition\/\">K\u00fcnstliche Intelligenz und Gesichtserkennung: eine technologische Revolution<\/a><\/li><li class=\"sitemap-item\"><a href=\"https:\/\/www.chatgpt247.com\/de\/kuenstliche-intelligenz-sicherheit\/\">K\u00fcnstliche Intelligenz und Sicherheit: Was Sie wissen sollten<\/a><\/li><li class=\"sitemap-item\"><a href=\"https:\/\/www.chatgpt247.com\/de\/kuenstliche-intelligenz-suchmaschinen\/\">K\u00fcnstliche Intelligenz und Suchmaschinen: eine revolution\u00e4re Allianz<\/a><\/li><li class=\"sitemap-item\"><a href=\"https:\/\/www.chatgpt247.com\/de\/kuenstliche-intelligenz-definieren-herausforderungen\/\">K\u00fcnstliche Intelligenz verstehen: Definition und Herausforderungen<\/a><\/li><li class=\"sitemap-item\"><a href=\"https:\/\/www.chatgpt247.com\/de\/kuenstliche-intelligenz-finanzen\/\">K\u00fcnstliche Intelligenz: Transformation des Finanzsektors<\/a><\/li><li class=\"sitemap-item\"><a href=\"https:\/\/www.chatgpt247.com\/de\/machine-learning\/\">Machine Learning: Die Revolution der k\u00fcnstlichen Intelligenz<\/a><\/li><li class=\"sitemap-item\"><a href=\"https:\/\/www.chatgpt247.com\/de\/behandlung-sprachlich-natuerlich\/\">Maschinelle Verarbeitung nat\u00fcrlicher Sprache: Schl\u00fcssel zur Entmystifizierung dieser Technologie<\/a><\/li><li class=\"sitemap-item\"><a href=\"https:\/\/www.chatgpt247.com\/de\/chatgpt-ecommerce\/\">Maximieren Sie die Effektivit\u00e4t Ihres E-Commerce mit ChatGPT<\/a><\/li><li class=\"sitemap-item\"><a href=\"https:\/\/www.chatgpt247.com\/de\/rekrutierung-chatgpt\/\">Maximieren Sie Ihre Rekrutierung mit ChatGPT<\/a><\/li><li class=\"sitemap-item\"><a href=\"https:\/\/www.chatgpt247.com\/de\/meditationserfahrungen-mit-chatgpt\/\">Meditationserfahrungen mit ChatGPT<\/a><\/li><li class=\"sitemap-item\"><a href=\"https:\/\/www.chatgpt247.com\/de\/entwicklungs-spiele-video-chatgpt\/\">Meistern Sie die Entwicklung von Videospielen mit ChatGPT<\/a><\/li><li class=\"sitemap-item\"><a href=\"https:\/\/www.chatgpt247.com\/de\/mercedes-chatgpt\/\">Mercedes integriert ChatGPT in seinen Sprachassistenten MBUX f\u00fcr eine intuitivere Benutzererfahrung<\/a><\/li><li class=\"sitemap-item\"><a href=\"https:\/\/www.chatgpt247.com\/de\/microsoft-copilot-assistent-android\/\">Microsoft Copilot: Der innovative intelligente Assistent f\u00fcr Android<\/a><\/li><li class=\"sitemap-item\"><a href=\"https:\/\/www.chatgpt247.com\/de\/mistral-kuenstliche-intelligenz\/\">Mistral AI: Revolution\u00e4re franz\u00f6sische k\u00fcnstliche Intelligenz im Aufwind<\/a><\/li><li class=\"sitemap-item\"><a href=\"https:\/\/www.chatgpt247.com\/de\/chatgpt-bewerbungsschreibens\/\">Mit ChatGPT ein aussagekr\u00e4ftiges Bewerbungsschreiben verfassen<\/a><\/li><li class=\"sitemap-item\"><a href=\"https:\/\/www.chatgpt247.com\/de\/chatgpt-fitness-sport\/\">Mit den Fitnesstipps von ChatGPT den Sport verbessern und Stereotypen durchbrechen<\/a><\/li><li class=\"sitemap-item\"><a href=\"https:\/\/www.chatgpt247.com\/de\/openai-partnerschaften-innovation\/\">OpenAI erweitert seine Horizonte: Partnerschaften, Innovationen und ethische Debatten<\/a><\/li><li class=\"sitemap-item\"><a href=\"https:\/\/www.chatgpt247.com\/de\/protokoll-treffen-chatgpt\/\">Optimieren Sie die Erstellung Ihrer Sitzungsprotokolle mit ChatGPT<\/a><\/li><li class=\"sitemap-item\"><a href=\"https:\/\/www.chatgpt247.com\/de\/chatgpt-produktbeschreibung\/\">Optimieren Sie Ihre Produktbeschreibungen mit ChatGPT<\/a><\/li><li class=\"sitemap-item\"><a href=\"https:\/\/www.chatgpt247.com\/de\/seo-chatgpt\/\">Optimieren Sie Ihre Suchmaschinenoptimierung mit ChatGPT und SEO<\/a><\/li><li class=\"sitemap-item\"><a href=\"https:\/\/www.chatgpt247.com\/de\/chatgpt-simulation-kredit\/\">Optimieren Sie Ihren Kredit mit ChatGPT Kreditsimulation<\/a><\/li><li class=\"sitemap-item\"><a href=\"https:\/\/www.chatgpt247.com\/de\/urlaub-kuenstliche-intelligenz\/\">Planen Sie Ihren Urlaub mit der k\u00fcnstlichen Intelligenz ChatGPT<\/a><\/li><li class=\"sitemap-item\"><a href=\"https:\/\/www.chatgpt247.com\/de\/chatgpt-polnisch\/\">Polnischer ChatGPT: Eine Revolution in der Online-Interaktion<\/a><\/li><li class=\"sitemap-item\"><a href=\"https:\/\/www.chatgpt247.com\/de\/quanteninformatik-und-kuenstliche-intelligenz\/\">Quanteninformatik und k\u00fcnstliche Intelligenz: eine technologische Revolution im Gange<\/a><\/li><li class=\"sitemap-item\"><a href=\"https:\/\/www.chatgpt247.com\/de\/revolutionaere-werkzeuge-zur-codegenerierung-gpt-und-kuenstliche-intelligenz\/\">Revolution\u00e4re Werkzeuge zur Codegenerierung: GPT und k\u00fcnstliche Intelligenz<\/a><\/li><li class=\"sitemap-item\"><a href=\"https:\/\/www.chatgpt247.com\/de\/russischer-chatgpt\/\">Russischer ChatGPT: Eine Revolution in der Online-Kommunikation<\/a><\/li><li class=\"sitemap-item\"><a href=\"https:\/\/www.chatgpt247.com\/de\/wie-automatisiere-ich-chatbot-faq\/\">Wie kann man einen FAQ-Chatbot automatisieren?<\/a><\/li><li class=\"sitemap-item\"><a href=\"https:\/\/www.chatgpt247.com\/de\/kuenstliche-intelligenz-immobilien\/\">Wie k\u00fcnstliche Intelligenz die Immobilienbranche revolutioniert<\/a><\/li><li class=\"sitemap-item\"><a href=\"https:\/\/www.chatgpt247.com\/de\/detecter-chatgpt\/\">Wie Sie ChatGPT erkennen, um Ihr Unternehmen zu sch\u00fctzen<\/a><\/li><\/ul><\/div><\/div><br style=\"clear: both;\">\n","protected":false},"excerpt":{"rendered":"","protected":false},"author":1,"featured_media":0,"parent":0,"menu_order":0,"comment_status":"closed","ping_status":"closed","template":"","meta":{"footnotes":""},"class_list":["post-421","page","type-page","status-publish","hentry"],"yoast_head":"<!-- This site is optimized with the Yoast SEO plugin v27.4 - https:\/\/yoast.com\/product\/yoast-seo-wordpress\/ -->\n<title>WebsiteKarte - ChatGPT 247<\/title>\n<meta name=\"robots\" content=\"index, follow, max-snippet:-1, max-image-preview:large, max-video-preview:-1\" \/>\n<link rel=\"canonical\" href=\"https:\/\/www.chatgpt247.com\/de\/sitemap\/\" \/>\n<meta property=\"og:locale\" content=\"de_DE\" \/>\n<meta property=\"og:type\" content=\"article\" \/>\n<meta property=\"og:title\" content=\"WebsiteKarte - ChatGPT 247\" \/>\n<meta property=\"og:url\" content=\"https:\/\/www.chatgpt247.com\/de\/sitemap\/\" \/>\n<meta property=\"og:site_name\" content=\"ChatGPT 247\" \/>\n<meta property=\"article:modified_time\" content=\"2023-05-17T12:14:19+00:00\" \/>\n<meta property=\"og:image\" content=\"https:\/\/www.chatgpt247.com\/wp-content\/uploads\/2023\/08\/machine-learning.jpg\" \/>\n\t<meta property=\"og:image:width\" content=\"1500\" \/>\n\t<meta property=\"og:image:height\" content=\"1000\" \/>\n\t<meta property=\"og:image:type\" content=\"image\/jpeg\" \/>\n<meta name=\"twitter:card\" content=\"summary_large_image\" \/>\n<meta name=\"twitter:label1\" content=\"Gesch\u00e4tzte Lesezeit\" \/>\n\t<meta name=\"twitter:data1\" content=\"1\u00a0Minute\" \/>\n<script type=\"application\/ld+json\" class=\"yoast-schema-graph\">{\"@context\":\"https:\\\/\\\/schema.org\",\"@graph\":[{\"@type\":\"WebPage\",\"@id\":\"https:\\\/\\\/www.chatgpt247.com\\\/de\\\/sitemap\\\/\",\"url\":\"https:\\\/\\\/www.chatgpt247.com\\\/de\\\/sitemap\\\/\",\"name\":\"WebsiteKarte - ChatGPT 247\",\"isPartOf\":{\"@id\":\"https:\\\/\\\/www.chatgpt247.com\\\/de\\\/#website\"},\"datePublished\":\"2023-05-17T09:06:33+00:00\",\"dateModified\":\"2023-05-17T12:14:19+00:00\",\"breadcrumb\":{\"@id\":\"https:\\\/\\\/www.chatgpt247.com\\\/de\\\/sitemap\\\/#breadcrumb\"},\"inLanguage\":\"de\",\"potentialAction\":[{\"@type\":\"ReadAction\",\"target\":[\"https:\\\/\\\/www.chatgpt247.com\\\/de\\\/sitemap\\\/\"]}]},{\"@type\":\"BreadcrumbList\",\"@id\":\"https:\\\/\\\/www.chatgpt247.com\\\/de\\\/sitemap\\\/#breadcrumb\",\"itemListElement\":[{\"@type\":\"ListItem\",\"position\":1,\"name\":\"Home\",\"item\":\"https:\\\/\\\/www.chatgpt247.com\\\/de\\\/\"},{\"@type\":\"ListItem\",\"position\":2,\"name\":\"WebsiteKarte\"}]},{\"@type\":\"WebSite\",\"@id\":\"https:\\\/\\\/www.chatgpt247.com\\\/de\\\/#website\",\"url\":\"https:\\\/\\\/www.chatgpt247.com\\\/de\\\/\",\"name\":\"ChatGPT 247\",\"description\":\"\",\"publisher\":{\"@id\":\"https:\\\/\\\/www.chatgpt247.com\\\/de\\\/#organization\"},\"potentialAction\":[{\"@type\":\"SearchAction\",\"target\":{\"@type\":\"EntryPoint\",\"urlTemplate\":\"https:\\\/\\\/www.chatgpt247.com\\\/de\\\/?s={search_term_string}\"},\"query-input\":{\"@type\":\"PropertyValueSpecification\",\"valueRequired\":true,\"valueName\":\"search_term_string\"}}],\"inLanguage\":\"de\"},{\"@type\":\"Organization\",\"@id\":\"https:\\\/\\\/www.chatgpt247.com\\\/de\\\/#organization\",\"name\":\"ChatGPT 247\",\"url\":\"https:\\\/\\\/www.chatgpt247.com\\\/de\\\/\",\"logo\":{\"@type\":\"ImageObject\",\"inLanguage\":\"de\",\"@id\":\"https:\\\/\\\/www.chatgpt247.com\\\/de\\\/#\\\/schema\\\/logo\\\/image\\\/\",\"url\":\"https:\\\/\\\/www.chatgpt247.com\\\/wp-content\\\/uploads\\\/2023\\\/06\\\/chatgpt-translation.jpg\",\"contentUrl\":\"https:\\\/\\\/www.chatgpt247.com\\\/wp-content\\\/uploads\\\/2023\\\/06\\\/chatgpt-translation.jpg\",\"width\":1500,\"height\":1015,\"caption\":\"ChatGPT 247\"},\"image\":{\"@id\":\"https:\\\/\\\/www.chatgpt247.com\\\/de\\\/#\\\/schema\\\/logo\\\/image\\\/\"}}]}<\/script>\n<!-- \/ Yoast SEO plugin. -->","yoast_head_json":{"title":"WebsiteKarte - ChatGPT 247","robots":{"index":"index","follow":"follow","max-snippet":"max-snippet:-1","max-image-preview":"max-image-preview:large","max-video-preview":"max-video-preview:-1"},"canonical":"https:\/\/www.chatgpt247.com\/de\/sitemap\/","og_locale":"de_DE","og_type":"article","og_title":"WebsiteKarte - ChatGPT 247","og_url":"https:\/\/www.chatgpt247.com\/de\/sitemap\/","og_site_name":"ChatGPT 247","article_modified_time":"2023-05-17T12:14:19+00:00","og_image":[{"width":1500,"height":1000,"url":"https:\/\/www.chatgpt247.com\/wp-content\/uploads\/2023\/08\/machine-learning.jpg","type":"image\/jpeg"}],"twitter_card":"summary_large_image","twitter_misc":{"Gesch\u00e4tzte Lesezeit":"1\u00a0Minute"},"schema":{"@context":"https:\/\/schema.org","@graph":[{"@type":"WebPage","@id":"https:\/\/www.chatgpt247.com\/de\/sitemap\/","url":"https:\/\/www.chatgpt247.com\/de\/sitemap\/","name":"WebsiteKarte - ChatGPT 247","isPartOf":{"@id":"https:\/\/www.chatgpt247.com\/de\/#website"},"datePublished":"2023-05-17T09:06:33+00:00","dateModified":"2023-05-17T12:14:19+00:00","breadcrumb":{"@id":"https:\/\/www.chatgpt247.com\/de\/sitemap\/#breadcrumb"},"inLanguage":"de","potentialAction":[{"@type":"ReadAction","target":["https:\/\/www.chatgpt247.com\/de\/sitemap\/"]}]},{"@type":"BreadcrumbList","@id":"https:\/\/www.chatgpt247.com\/de\/sitemap\/#breadcrumb","itemListElement":[{"@type":"ListItem","position":1,"name":"Home","item":"https:\/\/www.chatgpt247.com\/de\/"},{"@type":"ListItem","position":2,"name":"WebsiteKarte"}]},{"@type":"WebSite","@id":"https:\/\/www.chatgpt247.com\/de\/#website","url":"https:\/\/www.chatgpt247.com\/de\/","name":"ChatGPT 247","description":"","publisher":{"@id":"https:\/\/www.chatgpt247.com\/de\/#organization"},"potentialAction":[{"@type":"SearchAction","target":{"@type":"EntryPoint","urlTemplate":"https:\/\/www.chatgpt247.com\/de\/?s={search_term_string}"},"query-input":{"@type":"PropertyValueSpecification","valueRequired":true,"valueName":"search_term_string"}}],"inLanguage":"de"},{"@type":"Organization","@id":"https:\/\/www.chatgpt247.com\/de\/#organization","name":"ChatGPT 247","url":"https:\/\/www.chatgpt247.com\/de\/","logo":{"@type":"ImageObject","inLanguage":"de","@id":"https:\/\/www.chatgpt247.com\/de\/#\/schema\/logo\/image\/","url":"https:\/\/www.chatgpt247.com\/wp-content\/uploads\/2023\/06\/chatgpt-translation.jpg","contentUrl":"https:\/\/www.chatgpt247.com\/wp-content\/uploads\/2023\/06\/chatgpt-translation.jpg","width":1500,"height":1015,"caption":"ChatGPT 247"},"image":{"@id":"https:\/\/www.chatgpt247.com\/de\/#\/schema\/logo\/image\/"}}]}},"_links":{"self":[{"href":"https:\/\/www.chatgpt247.com\/de\/wp-json\/wp\/v2\/pages\/421","targetHints":{"allow":["GET"]}}],"collection":[{"href":"https:\/\/www.chatgpt247.com\/de\/wp-json\/wp\/v2\/pages"}],"about":[{"href":"https:\/\/www.chatgpt247.com\/de\/wp-json\/wp\/v2\/types\/page"}],"author":[{"embeddable":true,"href":"https:\/\/www.chatgpt247.com\/de\/wp-json\/wp\/v2\/users\/1"}],"replies":[{"embeddable":true,"href":"https:\/\/www.chatgpt247.com\/de\/wp-json\/wp\/v2\/comments?post=421"}],"version-history":[{"count":0,"href":"https:\/\/www.chatgpt247.com\/de\/wp-json\/wp\/v2\/pages\/421\/revisions"}],"wp:attachment":[{"href":"https:\/\/www.chatgpt247.com\/de\/wp-json\/wp\/v2\/media?parent=421"}],"curies":[{"name":"wp","href":"https:\/\/api.w.org\/{rel}","templated":true}]}}