{"id":279,"date":"2023-05-15T19:31:59","date_gmt":"2023-05-15T19:31:59","guid":{"rendered":"https:\/\/www.chatgpt247.com\/a-propos-de-chatgpt-247\/"},"modified":"2023-08-23T15:10:27","modified_gmt":"2023-08-23T15:10:27","slug":"acerca-de-chatgpt-247","status":"publish","type":"page","link":"https:\/\/www.chatgpt247.com\/es\/acerca-de-chatgpt-247\/","title":{"rendered":"Acerca de ChatGPT 247"},"content":{"rendered":"\n<figure class=\"wp-block-image size-full is-resized\"><img loading=\"lazy\" decoding=\"async\" src=\"https:\/\/www.chatgpt247.com\/wp-content\/uploads\/2023\/05\/img-IA9MQCrKvfU7Tq8H7duYOUsQ.png\" alt=\"equipo chatgpt\" class=\"wp-image-285\" style=\"width:512px;height:512px\" width=\"512\" height=\"512\" srcset=\"https:\/\/www.chatgpt247.com\/wp-content\/uploads\/2023\/05\/img-IA9MQCrKvfU7Tq8H7duYOUsQ.png 1024w, https:\/\/www.chatgpt247.com\/wp-content\/uploads\/2023\/05\/img-IA9MQCrKvfU7Tq8H7duYOUsQ-300x300.png 300w, https:\/\/www.chatgpt247.com\/wp-content\/uploads\/2023\/05\/img-IA9MQCrKvfU7Tq8H7duYOUsQ-150x150.png 150w, https:\/\/www.chatgpt247.com\/wp-content\/uploads\/2023\/05\/img-IA9MQCrKvfU7Tq8H7duYOUsQ-768x768.png 768w\" sizes=\"auto, (max-width: 512px) 100vw, 512px\" \/><\/figure>\n\n\n\n<p>Bienvenido a nuestro sitio dedicado a noticias, tutoriales y gu\u00edas sobre <strong>ChatGPT e inteligencia artificial generativa<\/strong>. Aqu\u00ed encontrar\u00e1 toda la informaci\u00f3n m\u00e1s reciente sobre los avances tecnol\u00f3gicos en el campo de la IA y la generaci\u00f3n de lenguaje natural.<\/p>\n\n\n\n<p>Nuestro equipo de apasionados redactores sigue de cerca las \u00faltimas tendencias y avances en el campo de <a href=\"\/es\/inteligencia-artificial\/\">la inteligencia artificial<\/a>. Ofrecemos art\u00edculos de calidad, tutoriales y gu\u00edas pr\u00e1cticas para ayudarle a comprender y utilizar ChatGPT y otras herramientas de generaci\u00f3n de lenguaje natural.<\/p>\n\n\n\n<p>Tanto si es principiante como experto en IA, nuestro sitio est\u00e1 dise\u00f1ado para satisfacer todas sus necesidades. Abarcamos una gran variedad de temas, desde los fundamentos de la <strong>IA y la generaci\u00f3n de lenguaje<\/strong> natural hasta los \u00faltimos avances en el procesamiento del lenguaje natural.<\/p>\n\n\n\n<p>Si desea ponerse en contacto con nosotros, puede utilizar <a href=\"https:\/\/www.chatgpt247.com\/es\/contacto\/\">este formulario<\/a>, \u00a1le responderemos lo antes posible!<\/p>\n\n\n\n<p>Estamos seguros de que nuestro sitio ser\u00e1 un recurso inestimable para cualquier persona interesada en la IA y <a href=\"\/es\/chatgpt-es\/\">ChatGPT<\/a>. Esperamos que disfrute con nuestros contenidos y vuelva a menudo para enterarse de las \u00faltimas novedades y tendencias en este apasionante campo.<\/p>\n\n\n\n<p>ChatGPT247 es un sitio independiente sin ning\u00fan v\u00ednculo oficial con OpenAI \/ ChatGPT.<\/p>\n","protected":false},"excerpt":{"rendered":"<p>Bienvenido a nuestro sitio dedicado a noticias, tutoriales y gu\u00edas sobre ChatGPT e inteligencia artificial generativa. Aqu\u00ed encontrar\u00e1 toda la informaci\u00f3n m\u00e1s reciente sobre los avances tecnol\u00f3gicos en el campo de la IA y la generaci\u00f3n de lenguaje natural. Nuestro equipo de apasionados redactores sigue de cerca las \u00faltimas tendencias &hellip; <\/p>\n","protected":false},"author":1,"featured_media":0,"parent":0,"menu_order":0,"comment_status":"closed","ping_status":"closed","template":"","meta":{"footnotes":""},"class_list":["post-279","page","type-page","status-publish","hentry"],"yoast_head":"<!-- This site is optimized with the Yoast SEO plugin v27.6 - https:\/\/yoast.com\/product\/yoast-seo-wordpress\/ -->\n<title>Acerca de ChatGPT 247 - ChatGPT 247<\/title>\n<meta name=\"robots\" content=\"index, follow, max-snippet:-1, max-image-preview:large, max-video-preview:-1\" \/>\n<link rel=\"canonical\" href=\"https:\/\/www.chatgpt247.com\/es\/acerca-de-chatgpt-247\/\" \/>\n<meta property=\"og:locale\" content=\"es_ES\" \/>\n<meta property=\"og:type\" content=\"article\" \/>\n<meta property=\"og:title\" content=\"Acerca de ChatGPT 247 - ChatGPT 247\" \/>\n<meta property=\"og:description\" content=\"Bienvenido a nuestro sitio dedicado a noticias, tutoriales y gu\u00edas sobre ChatGPT e inteligencia artificial generativa. Aqu\u00ed encontrar\u00e1 toda la informaci\u00f3n m\u00e1s reciente sobre los avances tecnol\u00f3gicos en el campo de la IA y la generaci\u00f3n de lenguaje natural. Nuestro equipo de apasionados redactores sigue de cerca las \u00faltimas tendencias &hellip;\" \/>\n<meta property=\"og:url\" content=\"https:\/\/www.chatgpt247.com\/es\/acerca-de-chatgpt-247\/\" \/>\n<meta property=\"og:site_name\" content=\"ChatGPT 247\" \/>\n<meta property=\"article:modified_time\" content=\"2023-08-23T15:10:27+00:00\" \/>\n<meta property=\"og:image\" content=\"https:\/\/www.chatgpt247.com\/wp-content\/uploads\/2023\/05\/img-IA9MQCrKvfU7Tq8H7duYOUsQ.png\" \/>\n<meta name=\"twitter:card\" content=\"summary_large_image\" \/>\n<script type=\"application\/ld+json\" class=\"yoast-schema-graph\">{\"@context\":\"https:\\\/\\\/schema.org\",\"@graph\":[{\"@type\":\"WebPage\",\"@id\":\"https:\\\/\\\/www.chatgpt247.com\\\/es\\\/acerca-de-chatgpt-247\\\/\",\"url\":\"https:\\\/\\\/www.chatgpt247.com\\\/es\\\/acerca-de-chatgpt-247\\\/\",\"name\":\"Acerca de ChatGPT 247 - ChatGPT 247\",\"isPartOf\":{\"@id\":\"https:\\\/\\\/www.chatgpt247.com\\\/es\\\/#website\"},\"primaryImageOfPage\":{\"@id\":\"https:\\\/\\\/www.chatgpt247.com\\\/es\\\/acerca-de-chatgpt-247\\\/#primaryimage\"},\"image\":{\"@id\":\"https:\\\/\\\/www.chatgpt247.com\\\/es\\\/acerca-de-chatgpt-247\\\/#primaryimage\"},\"thumbnailUrl\":\"https:\\\/\\\/www.chatgpt247.com\\\/wp-content\\\/uploads\\\/2023\\\/05\\\/img-IA9MQCrKvfU7Tq8H7duYOUsQ.png\",\"datePublished\":\"2023-05-15T19:31:59+00:00\",\"dateModified\":\"2023-08-23T15:10:27+00:00\",\"breadcrumb\":{\"@id\":\"https:\\\/\\\/www.chatgpt247.com\\\/es\\\/acerca-de-chatgpt-247\\\/#breadcrumb\"},\"inLanguage\":\"es\",\"potentialAction\":[{\"@type\":\"ReadAction\",\"target\":[\"https:\\\/\\\/www.chatgpt247.com\\\/es\\\/acerca-de-chatgpt-247\\\/\"]}]},{\"@type\":\"ImageObject\",\"inLanguage\":\"es\",\"@id\":\"https:\\\/\\\/www.chatgpt247.com\\\/es\\\/acerca-de-chatgpt-247\\\/#primaryimage\",\"url\":\"https:\\\/\\\/www.chatgpt247.com\\\/wp-content\\\/uploads\\\/2023\\\/05\\\/img-IA9MQCrKvfU7Tq8H7duYOUsQ.png\",\"contentUrl\":\"https:\\\/\\\/www.chatgpt247.com\\\/wp-content\\\/uploads\\\/2023\\\/05\\\/img-IA9MQCrKvfU7Tq8H7duYOUsQ.png\"},{\"@type\":\"BreadcrumbList\",\"@id\":\"https:\\\/\\\/www.chatgpt247.com\\\/es\\\/acerca-de-chatgpt-247\\\/#breadcrumb\",\"itemListElement\":[{\"@type\":\"ListItem\",\"position\":1,\"name\":\"Home\",\"item\":\"https:\\\/\\\/www.chatgpt247.com\\\/es\\\/\"},{\"@type\":\"ListItem\",\"position\":2,\"name\":\"Acerca de ChatGPT 247\"}]},{\"@type\":\"WebSite\",\"@id\":\"https:\\\/\\\/www.chatgpt247.com\\\/es\\\/#website\",\"url\":\"https:\\\/\\\/www.chatgpt247.com\\\/es\\\/\",\"name\":\"ChatGPT 247\",\"description\":\"\",\"publisher\":{\"@id\":\"https:\\\/\\\/www.chatgpt247.com\\\/es\\\/#organization\"},\"potentialAction\":[{\"@type\":\"SearchAction\",\"target\":{\"@type\":\"EntryPoint\",\"urlTemplate\":\"https:\\\/\\\/www.chatgpt247.com\\\/es\\\/?s={search_term_string}\"},\"query-input\":{\"@type\":\"PropertyValueSpecification\",\"valueRequired\":true,\"valueName\":\"search_term_string\"}}],\"inLanguage\":\"es\"},{\"@type\":\"Organization\",\"@id\":\"https:\\\/\\\/www.chatgpt247.com\\\/es\\\/#organization\",\"name\":\"ChatGPT 247\",\"url\":\"https:\\\/\\\/www.chatgpt247.com\\\/es\\\/\",\"logo\":{\"@type\":\"ImageObject\",\"inLanguage\":\"es\",\"@id\":\"https:\\\/\\\/www.chatgpt247.com\\\/es\\\/#\\\/schema\\\/logo\\\/image\\\/\",\"url\":\"https:\\\/\\\/www.chatgpt247.com\\\/wp-content\\\/uploads\\\/2023\\\/06\\\/chatgpt-translation.jpg\",\"contentUrl\":\"https:\\\/\\\/www.chatgpt247.com\\\/wp-content\\\/uploads\\\/2023\\\/06\\\/chatgpt-translation.jpg\",\"width\":1500,\"height\":1015,\"caption\":\"ChatGPT 247\"},\"image\":{\"@id\":\"https:\\\/\\\/www.chatgpt247.com\\\/es\\\/#\\\/schema\\\/logo\\\/image\\\/\"}}]}<\/script>\n<!-- \/ Yoast SEO plugin. -->","yoast_head_json":{"title":"Acerca de ChatGPT 247 - ChatGPT 247","robots":{"index":"index","follow":"follow","max-snippet":"max-snippet:-1","max-image-preview":"max-image-preview:large","max-video-preview":"max-video-preview:-1"},"canonical":"https:\/\/www.chatgpt247.com\/es\/acerca-de-chatgpt-247\/","og_locale":"es_ES","og_type":"article","og_title":"Acerca de ChatGPT 247 - ChatGPT 247","og_description":"Bienvenido a nuestro sitio dedicado a noticias, tutoriales y gu\u00edas sobre ChatGPT e inteligencia artificial generativa. Aqu\u00ed encontrar\u00e1 toda la informaci\u00f3n m\u00e1s reciente sobre los avances tecnol\u00f3gicos en el campo de la IA y la generaci\u00f3n de lenguaje natural. Nuestro equipo de apasionados redactores sigue de cerca las \u00faltimas tendencias &hellip;","og_url":"https:\/\/www.chatgpt247.com\/es\/acerca-de-chatgpt-247\/","og_site_name":"ChatGPT 247","article_modified_time":"2023-08-23T15:10:27+00:00","og_image":[{"url":"https:\/\/www.chatgpt247.com\/wp-content\/uploads\/2023\/05\/img-IA9MQCrKvfU7Tq8H7duYOUsQ.png","type":"","width":"","height":""}],"twitter_card":"summary_large_image","schema":{"@context":"https:\/\/schema.org","@graph":[{"@type":"WebPage","@id":"https:\/\/www.chatgpt247.com\/es\/acerca-de-chatgpt-247\/","url":"https:\/\/www.chatgpt247.com\/es\/acerca-de-chatgpt-247\/","name":"Acerca de ChatGPT 247 - ChatGPT 247","isPartOf":{"@id":"https:\/\/www.chatgpt247.com\/es\/#website"},"primaryImageOfPage":{"@id":"https:\/\/www.chatgpt247.com\/es\/acerca-de-chatgpt-247\/#primaryimage"},"image":{"@id":"https:\/\/www.chatgpt247.com\/es\/acerca-de-chatgpt-247\/#primaryimage"},"thumbnailUrl":"https:\/\/www.chatgpt247.com\/wp-content\/uploads\/2023\/05\/img-IA9MQCrKvfU7Tq8H7duYOUsQ.png","datePublished":"2023-05-15T19:31:59+00:00","dateModified":"2023-08-23T15:10:27+00:00","breadcrumb":{"@id":"https:\/\/www.chatgpt247.com\/es\/acerca-de-chatgpt-247\/#breadcrumb"},"inLanguage":"es","potentialAction":[{"@type":"ReadAction","target":["https:\/\/www.chatgpt247.com\/es\/acerca-de-chatgpt-247\/"]}]},{"@type":"ImageObject","inLanguage":"es","@id":"https:\/\/www.chatgpt247.com\/es\/acerca-de-chatgpt-247\/#primaryimage","url":"https:\/\/www.chatgpt247.com\/wp-content\/uploads\/2023\/05\/img-IA9MQCrKvfU7Tq8H7duYOUsQ.png","contentUrl":"https:\/\/www.chatgpt247.com\/wp-content\/uploads\/2023\/05\/img-IA9MQCrKvfU7Tq8H7duYOUsQ.png"},{"@type":"BreadcrumbList","@id":"https:\/\/www.chatgpt247.com\/es\/acerca-de-chatgpt-247\/#breadcrumb","itemListElement":[{"@type":"ListItem","position":1,"name":"Home","item":"https:\/\/www.chatgpt247.com\/es\/"},{"@type":"ListItem","position":2,"name":"Acerca de ChatGPT 247"}]},{"@type":"WebSite","@id":"https:\/\/www.chatgpt247.com\/es\/#website","url":"https:\/\/www.chatgpt247.com\/es\/","name":"ChatGPT 247","description":"","publisher":{"@id":"https:\/\/www.chatgpt247.com\/es\/#organization"},"potentialAction":[{"@type":"SearchAction","target":{"@type":"EntryPoint","urlTemplate":"https:\/\/www.chatgpt247.com\/es\/?s={search_term_string}"},"query-input":{"@type":"PropertyValueSpecification","valueRequired":true,"valueName":"search_term_string"}}],"inLanguage":"es"},{"@type":"Organization","@id":"https:\/\/www.chatgpt247.com\/es\/#organization","name":"ChatGPT 247","url":"https:\/\/www.chatgpt247.com\/es\/","logo":{"@type":"ImageObject","inLanguage":"es","@id":"https:\/\/www.chatgpt247.com\/es\/#\/schema\/logo\/image\/","url":"https:\/\/www.chatgpt247.com\/wp-content\/uploads\/2023\/06\/chatgpt-translation.jpg","contentUrl":"https:\/\/www.chatgpt247.com\/wp-content\/uploads\/2023\/06\/chatgpt-translation.jpg","width":1500,"height":1015,"caption":"ChatGPT 247"},"image":{"@id":"https:\/\/www.chatgpt247.com\/es\/#\/schema\/logo\/image\/"}}]}},"_links":{"self":[{"href":"https:\/\/www.chatgpt247.com\/es\/wp-json\/wp\/v2\/pages\/279","targetHints":{"allow":["GET"]}}],"collection":[{"href":"https:\/\/www.chatgpt247.com\/es\/wp-json\/wp\/v2\/pages"}],"about":[{"href":"https:\/\/www.chatgpt247.com\/es\/wp-json\/wp\/v2\/types\/page"}],"author":[{"embeddable":true,"href":"https:\/\/www.chatgpt247.com\/es\/wp-json\/wp\/v2\/users\/1"}],"replies":[{"embeddable":true,"href":"https:\/\/www.chatgpt247.com\/es\/wp-json\/wp\/v2\/comments?post=279"}],"version-history":[{"count":0,"href":"https:\/\/www.chatgpt247.com\/es\/wp-json\/wp\/v2\/pages\/279\/revisions"}],"wp:attachment":[{"href":"https:\/\/www.chatgpt247.com\/es\/wp-json\/wp\/v2\/media?parent=279"}],"curies":[{"name":"wp","href":"https:\/\/api.w.org\/{rel}","templated":true}]}}