{"id":311,"date":"2023-05-16T10:15:20","date_gmt":"2023-05-16T10:15:20","guid":{"rendered":"https:\/\/www.chatgpt247.com\/contacto\/"},"modified":"2023-05-16T10:16:14","modified_gmt":"2023-05-16T10:16:14","slug":"contacto","status":"publish","type":"page","link":"https:\/\/www.chatgpt247.com\/es\/contacto\/","title":{"rendered":"Contacto con nosotros"},"content":{"rendered":"\n<p>Bienvenido a nuestra p\u00e1gina de contacto Aqu\u00ed puede enviarnos un mensaje por diferentes motivos: una consulta, una sugerencia, una conexi\u00f3n, \u00a1o simplemente para saludarnos!<\/p>\n\n<p>Siempre estamos encantados de recibir mensajes de nuestros visitantes y nos esforzamos por responder a todas las solicitudes lo antes posible. Si tiene alguna idea sobre c\u00f3mo mejorar nuestro sitio web, nos encantar\u00eda escucharla. Si s\u00f3lo quiere hablarnos de su<br\/>comentarios, le escuchamos.<\/p>\n\n<p>Nuestro formulario de contacto es f\u00e1cil de usar y puede enviarnos un mensaje en cualquier momento. Esperamos tener noticias suyas y ayudarle en todo lo que podamos. No dude en ponerse en contacto con nosotros.<\/p>\n<div class=\"wpforms-container wpforms-container-full wpforms-block wpforms-block-b6f577fe-6121-4159-8514-598a072c77ae wpforms-render-modern\" id=\"wpforms-294\"><form id=\"wpforms-form-294\" class=\"wpforms-validate wpforms-form wpforms-ajax-form\" data-formid=\"294\" method=\"post\" enctype=\"multipart\/form-data\" action=\"\/es\/wp-json\/wp\/v2\/pages\/311\" data-token=\"d2c34122892b57ffdd3696c1f737de44\" data-token-time=\"1777574012\"><noscript class=\"wpforms-error-noscript\">Por favor, activa JavaScript en tu navegador para completar este formulario.<\/noscript><div id=\"wpforms-error-noscript\" style=\"display: none;\">Por favor, activa JavaScript en tu navegador para completar este formulario.<\/div><div class=\"wpforms-field-container\"><div id=\"wpforms-294-field_0-container\" class=\"wpforms-field wpforms-field-name\" data-field-id=\"0\"><fieldset><legend class=\"wpforms-field-label\">Name <span class=\"wpforms-required-label\" aria-hidden=\"true\">*<\/span><\/legend><div class=\"wpforms-field-row wpforms-field-medium\"><div class=\"wpforms-field-row-block wpforms-first wpforms-one-half\"><input type=\"text\" id=\"wpforms-294-field_0\" class=\"wpforms-field-name-first wpforms-field-required\" name=\"wpforms[fields][0][first]\" aria-errormessage=\"wpforms-294-field_0-error\" required><label for=\"wpforms-294-field_0\" class=\"wpforms-field-sublabel after\">Nombre<\/label><\/div><div class=\"wpforms-field-row-block wpforms-one-half\"><input type=\"text\" id=\"wpforms-294-field_0-last\" class=\"wpforms-field-name-last wpforms-field-required\" name=\"wpforms[fields][0][last]\" aria-errormessage=\"wpforms-294-field_0-last-error\" required><label for=\"wpforms-294-field_0-last\" class=\"wpforms-field-sublabel after\">Apellidos<\/label><\/div><\/div><\/fieldset><\/div><div id=\"wpforms-294-field_1-container\" class=\"wpforms-field wpforms-field-email\" data-field-id=\"1\"><fieldset><legend class=\"wpforms-field-label\">Email <span class=\"wpforms-required-label\" aria-hidden=\"true\">*<\/span><\/legend><div class=\"wpforms-field-row wpforms-field-medium\"><div class=\"wpforms-field-row-block wpforms-one-half wpforms-first\"><input type=\"email\" id=\"wpforms-294-field_1\" class=\"wpforms-field-required wpforms-field-email-primary\" name=\"wpforms[fields][1][primary]\" spellcheck=\"false\" aria-errormessage=\"wpforms-294-field_1-error\" required><label for=\"wpforms-294-field_1\" class=\"wpforms-field-sublabel after\">Correo electr\u00f3nico<\/label><\/div><div class=\"wpforms-field-row-block wpforms-one-half\"><input type=\"email\" id=\"wpforms-294-field_1-secondary\" class=\"wpforms-field-email-secondary wpforms-field-required\" data-rule-confirm=\"#wpforms-294-field_1\" name=\"wpforms[fields][1][secondary]\" spellcheck=\"false\" aria-errormessage=\"wpforms-294-field_1-secondary-error\" required><label for=\"wpforms-294-field_1-secondary\" class=\"wpforms-field-sublabel after\">Confirmar el correo electr\u00f3nico<\/label><\/div><\/div><\/fieldset><\/div><div id=\"wpforms-294-field_2-container\" class=\"wpforms-field wpforms-field-textarea\" data-field-id=\"2\"><label class=\"wpforms-field-label\" for=\"wpforms-294-field_2\">Comment or Message<\/label><textarea id=\"wpforms-294-field_2\" class=\"wpforms-field-medium\" name=\"wpforms[fields][2]\" aria-errormessage=\"wpforms-294-field_2-error\" ><\/textarea><\/div><\/div><!-- .wpforms-field-container --><div class=\"wpforms-submit-container\" ><input type=\"hidden\" name=\"wpforms[id]\" value=\"294\"><input type=\"hidden\" name=\"page_title\" value=\"\"><input type=\"hidden\" name=\"page_url\" value=\"https:\/\/www.chatgpt247.com\/es\/wp-json\/wp\/v2\/pages\/311\"><input type=\"hidden\" name=\"url_referer\" value=\"\"><button type=\"submit\" name=\"wpforms[submit]\" id=\"wpforms-submit-294\" class=\"wpforms-submit\" data-alt-text=\"Sending...\" data-submit-text=\"Submit\" aria-live=\"assertive\" value=\"wpforms-submit\">Submit<\/button><img loading=\"lazy\" decoding=\"async\" src=\"https:\/\/www.chatgpt247.com\/wp-content\/plugins\/wpforms-lite\/assets\/images\/submit-spin.svg\" class=\"wpforms-submit-spinner\" style=\"display: none;\" width=\"26\" height=\"26\" alt=\"Cargando\"><\/div><\/form><\/div>  <!-- .wpforms-container -->","protected":false},"excerpt":{"rendered":"<p>Bienvenido a nuestra p\u00e1gina de contacto Aqu\u00ed puede enviarnos un mensaje por diferentes motivos: una consulta, una sugerencia, una conexi\u00f3n, \u00a1o simplemente para saludarnos! Siempre estamos encantados de recibir mensajes de nuestros visitantes y nos esforzamos por responder a todas las solicitudes lo antes posible. Si tiene alguna idea sobre &hellip; <\/p>\n","protected":false},"author":1,"featured_media":0,"parent":0,"menu_order":0,"comment_status":"closed","ping_status":"closed","template":"","meta":{"footnotes":""},"class_list":["post-311","page","type-page","status-publish","hentry"],"yoast_head":"<!-- This site is optimized with the Yoast SEO plugin v27.5 - https:\/\/yoast.com\/product\/yoast-seo-wordpress\/ -->\n<title>Contacto con nosotros - ChatGPT 247<\/title>\n<meta name=\"robots\" content=\"index, follow, max-snippet:-1, max-image-preview:large, max-video-preview:-1\" \/>\n<link rel=\"canonical\" href=\"https:\/\/www.chatgpt247.com\/es\/contacto\/\" \/>\n<meta property=\"og:locale\" content=\"es_ES\" \/>\n<meta property=\"og:type\" content=\"article\" \/>\n<meta property=\"og:title\" content=\"Contacto con nosotros - ChatGPT 247\" \/>\n<meta property=\"og:description\" content=\"Bienvenido a nuestra p\u00e1gina de contacto Aqu\u00ed puede enviarnos un mensaje por diferentes motivos: una consulta, una sugerencia, una conexi\u00f3n, \u00a1o simplemente para saludarnos! Siempre estamos encantados de recibir mensajes de nuestros visitantes y nos esforzamos por responder a todas las solicitudes lo antes posible. Si tiene alguna idea sobre &hellip;\" \/>\n<meta property=\"og:url\" content=\"https:\/\/www.chatgpt247.com\/es\/contacto\/\" \/>\n<meta property=\"og:site_name\" content=\"ChatGPT 247\" \/>\n<meta property=\"article:modified_time\" content=\"2023-05-16T10:16:14+00:00\" \/>\n<meta property=\"og:image\" content=\"https:\/\/www.chatgpt247.com\/wp-content\/uploads\/2023\/08\/machine-learning.jpg\" \/>\n\t<meta property=\"og:image:width\" content=\"1500\" \/>\n\t<meta property=\"og:image:height\" content=\"1000\" \/>\n\t<meta property=\"og:image:type\" content=\"image\/jpeg\" \/>\n<meta name=\"twitter:card\" content=\"summary_large_image\" \/>\n<meta name=\"twitter:label1\" content=\"Tiempo de lectura\" \/>\n\t<meta name=\"twitter:data1\" content=\"1 minuto\" \/>\n<script type=\"application\/ld+json\" class=\"yoast-schema-graph\">{\"@context\":\"https:\\\/\\\/schema.org\",\"@graph\":[{\"@type\":\"WebPage\",\"@id\":\"https:\\\/\\\/www.chatgpt247.com\\\/es\\\/contacto\\\/\",\"url\":\"https:\\\/\\\/www.chatgpt247.com\\\/es\\\/contacto\\\/\",\"name\":\"Contacto con nosotros - ChatGPT 247\",\"isPartOf\":{\"@id\":\"https:\\\/\\\/www.chatgpt247.com\\\/es\\\/#website\"},\"datePublished\":\"2023-05-16T10:15:20+00:00\",\"dateModified\":\"2023-05-16T10:16:14+00:00\",\"breadcrumb\":{\"@id\":\"https:\\\/\\\/www.chatgpt247.com\\\/es\\\/contacto\\\/#breadcrumb\"},\"inLanguage\":\"es\",\"potentialAction\":[{\"@type\":\"ReadAction\",\"target\":[\"https:\\\/\\\/www.chatgpt247.com\\\/es\\\/contacto\\\/\"]}]},{\"@type\":\"BreadcrumbList\",\"@id\":\"https:\\\/\\\/www.chatgpt247.com\\\/es\\\/contacto\\\/#breadcrumb\",\"itemListElement\":[{\"@type\":\"ListItem\",\"position\":1,\"name\":\"Home\",\"item\":\"https:\\\/\\\/www.chatgpt247.com\\\/es\\\/\"},{\"@type\":\"ListItem\",\"position\":2,\"name\":\"Contacto con nosotros\"}]},{\"@type\":\"WebSite\",\"@id\":\"https:\\\/\\\/www.chatgpt247.com\\\/es\\\/#website\",\"url\":\"https:\\\/\\\/www.chatgpt247.com\\\/es\\\/\",\"name\":\"ChatGPT 247\",\"description\":\"\",\"publisher\":{\"@id\":\"https:\\\/\\\/www.chatgpt247.com\\\/es\\\/#organization\"},\"potentialAction\":[{\"@type\":\"SearchAction\",\"target\":{\"@type\":\"EntryPoint\",\"urlTemplate\":\"https:\\\/\\\/www.chatgpt247.com\\\/es\\\/?s={search_term_string}\"},\"query-input\":{\"@type\":\"PropertyValueSpecification\",\"valueRequired\":true,\"valueName\":\"search_term_string\"}}],\"inLanguage\":\"es\"},{\"@type\":\"Organization\",\"@id\":\"https:\\\/\\\/www.chatgpt247.com\\\/es\\\/#organization\",\"name\":\"ChatGPT 247\",\"url\":\"https:\\\/\\\/www.chatgpt247.com\\\/es\\\/\",\"logo\":{\"@type\":\"ImageObject\",\"inLanguage\":\"es\",\"@id\":\"https:\\\/\\\/www.chatgpt247.com\\\/es\\\/#\\\/schema\\\/logo\\\/image\\\/\",\"url\":\"https:\\\/\\\/www.chatgpt247.com\\\/wp-content\\\/uploads\\\/2023\\\/06\\\/chatgpt-translation.jpg\",\"contentUrl\":\"https:\\\/\\\/www.chatgpt247.com\\\/wp-content\\\/uploads\\\/2023\\\/06\\\/chatgpt-translation.jpg\",\"width\":1500,\"height\":1015,\"caption\":\"ChatGPT 247\"},\"image\":{\"@id\":\"https:\\\/\\\/www.chatgpt247.com\\\/es\\\/#\\\/schema\\\/logo\\\/image\\\/\"}}]}<\/script>\n<!-- \/ Yoast SEO plugin. -->","yoast_head_json":{"title":"Contacto con nosotros - ChatGPT 247","robots":{"index":"index","follow":"follow","max-snippet":"max-snippet:-1","max-image-preview":"max-image-preview:large","max-video-preview":"max-video-preview:-1"},"canonical":"https:\/\/www.chatgpt247.com\/es\/contacto\/","og_locale":"es_ES","og_type":"article","og_title":"Contacto con nosotros - ChatGPT 247","og_description":"Bienvenido a nuestra p\u00e1gina de contacto Aqu\u00ed puede enviarnos un mensaje por diferentes motivos: una consulta, una sugerencia, una conexi\u00f3n, \u00a1o simplemente para saludarnos! Siempre estamos encantados de recibir mensajes de nuestros visitantes y nos esforzamos por responder a todas las solicitudes lo antes posible. Si tiene alguna idea sobre &hellip;","og_url":"https:\/\/www.chatgpt247.com\/es\/contacto\/","og_site_name":"ChatGPT 247","article_modified_time":"2023-05-16T10:16:14+00:00","og_image":[{"width":1500,"height":1000,"url":"https:\/\/www.chatgpt247.com\/wp-content\/uploads\/2023\/08\/machine-learning.jpg","type":"image\/jpeg"}],"twitter_card":"summary_large_image","twitter_misc":{"Tiempo de lectura":"1 minuto"},"schema":{"@context":"https:\/\/schema.org","@graph":[{"@type":"WebPage","@id":"https:\/\/www.chatgpt247.com\/es\/contacto\/","url":"https:\/\/www.chatgpt247.com\/es\/contacto\/","name":"Contacto con nosotros - ChatGPT 247","isPartOf":{"@id":"https:\/\/www.chatgpt247.com\/es\/#website"},"datePublished":"2023-05-16T10:15:20+00:00","dateModified":"2023-05-16T10:16:14+00:00","breadcrumb":{"@id":"https:\/\/www.chatgpt247.com\/es\/contacto\/#breadcrumb"},"inLanguage":"es","potentialAction":[{"@type":"ReadAction","target":["https:\/\/www.chatgpt247.com\/es\/contacto\/"]}]},{"@type":"BreadcrumbList","@id":"https:\/\/www.chatgpt247.com\/es\/contacto\/#breadcrumb","itemListElement":[{"@type":"ListItem","position":1,"name":"Home","item":"https:\/\/www.chatgpt247.com\/es\/"},{"@type":"ListItem","position":2,"name":"Contacto con nosotros"}]},{"@type":"WebSite","@id":"https:\/\/www.chatgpt247.com\/es\/#website","url":"https:\/\/www.chatgpt247.com\/es\/","name":"ChatGPT 247","description":"","publisher":{"@id":"https:\/\/www.chatgpt247.com\/es\/#organization"},"potentialAction":[{"@type":"SearchAction","target":{"@type":"EntryPoint","urlTemplate":"https:\/\/www.chatgpt247.com\/es\/?s={search_term_string}"},"query-input":{"@type":"PropertyValueSpecification","valueRequired":true,"valueName":"search_term_string"}}],"inLanguage":"es"},{"@type":"Organization","@id":"https:\/\/www.chatgpt247.com\/es\/#organization","name":"ChatGPT 247","url":"https:\/\/www.chatgpt247.com\/es\/","logo":{"@type":"ImageObject","inLanguage":"es","@id":"https:\/\/www.chatgpt247.com\/es\/#\/schema\/logo\/image\/","url":"https:\/\/www.chatgpt247.com\/wp-content\/uploads\/2023\/06\/chatgpt-translation.jpg","contentUrl":"https:\/\/www.chatgpt247.com\/wp-content\/uploads\/2023\/06\/chatgpt-translation.jpg","width":1500,"height":1015,"caption":"ChatGPT 247"},"image":{"@id":"https:\/\/www.chatgpt247.com\/es\/#\/schema\/logo\/image\/"}}]}},"_links":{"self":[{"href":"https:\/\/www.chatgpt247.com\/es\/wp-json\/wp\/v2\/pages\/311","targetHints":{"allow":["GET"]}}],"collection":[{"href":"https:\/\/www.chatgpt247.com\/es\/wp-json\/wp\/v2\/pages"}],"about":[{"href":"https:\/\/www.chatgpt247.com\/es\/wp-json\/wp\/v2\/types\/page"}],"author":[{"embeddable":true,"href":"https:\/\/www.chatgpt247.com\/es\/wp-json\/wp\/v2\/users\/1"}],"replies":[{"embeddable":true,"href":"https:\/\/www.chatgpt247.com\/es\/wp-json\/wp\/v2\/comments?post=311"}],"version-history":[{"count":0,"href":"https:\/\/www.chatgpt247.com\/es\/wp-json\/wp\/v2\/pages\/311\/revisions"}],"wp:attachment":[{"href":"https:\/\/www.chatgpt247.com\/es\/wp-json\/wp\/v2\/media?parent=311"}],"curies":[{"name":"wp","href":"https:\/\/api.w.org\/{rel}","templated":true}]}}