{"id":423,"date":"2023-05-17T09:06:33","date_gmt":"2023-05-17T09:06:33","guid":{"rendered":"https:\/\/www.chatgpt247.com\/sitemap\/"},"modified":"2023-05-17T12:09:42","modified_gmt":"2023-05-17T12:09:42","slug":"sitemap","status":"publish","type":"page","link":"https:\/\/www.chatgpt247.com\/es\/sitemap\/","title":{"rendered":"Mapa del sitio"},"content":{"rendered":"<div id=\"simple-sitemap-container-69f1f743a6aca\" class=\"simple-sitemap-container simple-sitemap-container-69f1f743a6aca tab-disabled\"><div class=\"simple-sitemap-wrap\"><h3 class=\"post-type\">Entradas<\/h3><ul class=\"simple-sitemap-post main\"><li class=\"sitemap-item\"><a href=\"https:\/\/www.chatgpt247.com\/es\/inteligencia-artificial-finance\/\">: la transformaci\u00f3n del sector financiero<\/a><\/li><li class=\"sitemap-item\"><a href=\"https:\/\/www.chatgpt247.com\/es\/como-automatizar-chatbot-faq\/\">\u00bfC\u00f3mo se automatiza un chatbot de preguntas frecuentes?<\/a><\/li><li class=\"sitemap-item\"><a href=\"https:\/\/www.chatgpt247.com\/es\/algoritmos-inteligencia-artificial\/\">Algoritmos de inteligencia artificial: c\u00f3mo funcionan y sus aplicaciones<\/a><\/li><li class=\"sitemap-item\"><a href=\"https:\/\/www.chatgpt247.com\/es\/antropico-claude-europa\/\">Anthropic lanza Claude en Europa para competir con ChatGPT<\/a><\/li><li class=\"sitemap-item\"><a href=\"https:\/\/www.chatgpt247.com\/es\/asociacion-revolucionaria-apple-openai\/\">Apple y OpenAI: una asociaci\u00f3n revolucionaria desata la pol\u00e9mica<\/a><\/li><li class=\"sitemap-item\"><a href=\"https:\/\/www.chatgpt247.com\/es\/aprendizaje-automatico\/\">Aprendizaje autom\u00e1tico: la revoluci\u00f3n de la inteligencia artificial<\/a><\/li><li class=\"sitemap-item\"><a href=\"https:\/\/www.chatgpt247.com\/es\/automatizacion-proceso-ventas-chatgpt\/\">Automatizar el proceso de venta con ChatGPT: una revoluci\u00f3n para las empresas<\/a><\/li><li class=\"sitemap-item\"><a href=\"https:\/\/www.chatgpt247.com\/es\/averigua-si-chatgpt-esta-caido\/\">Averigua si ChatGPT est\u00e1 ca\u00eddo<\/a><\/li><li class=\"sitemap-item\"><a href=\"https:\/\/www.chatgpt247.com\/es\/chatbotgpt-online\/\">ChatbotGPT en l\u00ednea: una revoluci\u00f3n en la comunicaci\u00f3n con los clientes<\/a><\/li><li class=\"sitemap-item\"><a href=\"https:\/\/www.chatgpt247.com\/es\/servicio-cliente-chatbot-chatgpt\/\">Chatbots, atenci\u00f3n al cliente y ChatGPT: una revoluci\u00f3n para las empresas<\/a><\/li><li class=\"sitemap-item\"><a href=\"https:\/\/www.chatgpt247.com\/es\/chatgpt-chino\/\">ChatGPT chino: el nuevo actor en el mercado de la inteligencia artificial<\/a><\/li><li class=\"sitemap-item\"><a href=\"https:\/\/www.chatgpt247.com\/es\/chatgpt-ingles\/\">ChatGPT en ingl\u00e9s : una revoluci\u00f3n en la comunicaci\u00f3n digital<\/a><\/li><li class=\"sitemap-item\"><a href=\"https:\/\/www.chatgpt247.com\/es\/chatgpt-en-italiano\/\">ChatGPT en italiano: inteligencia artificial para conversaciones naturales<\/a><\/li><li class=\"sitemap-item\"><a href=\"https:\/\/www.chatgpt247.com\/es\/chatgpt-iphone\/\">ChatGPT iPhone: la inteligencia artificial de OpenAI llega a los smartphones de Apple<\/a><\/li><li class=\"sitemap-item\"><a href=\"https:\/\/www.chatgpt247.com\/es\/chatgpt-mac\/\">ChatGPT Mac: todo lo que necesitas saber<\/a><\/li><li class=\"sitemap-item\"><a href=\"https:\/\/www.chatgpt247.com\/es\/chatgpt-math\/\">ChatGPT Math: Tu asistente virtual para resolver tus problemas matem\u00e1ticos<\/a><\/li><li class=\"sitemap-item\"><a href=\"https:\/\/www.chatgpt247.com\/es\/chatgpt-polaco\/\">ChatGPT polaco: una revoluci\u00f3n en la interacci\u00f3n en l\u00ednea<\/a><\/li><li class=\"sitemap-item\"><a href=\"https:\/\/www.chatgpt247.com\/es\/chatgpt-ruso\/\">ChatGPT ruso: una revoluci\u00f3n en la comunicaci\u00f3n en l\u00ednea<\/a><\/li><li class=\"sitemap-item\"><a href=\"https:\/\/www.chatgpt247.com\/es\/chatgpt-voz\/\">ChatGPT Voice: la revolucionaria IA capaz de clonar cualquier voz<\/a><\/li><li class=\"sitemap-item\"><a href=\"https:\/\/www.chatgpt247.com\/es\/chatgpt-derecha-autor\/\">ChatGPT y derechos de autor: lo que debes saber<\/a><\/li><li class=\"sitemap-item\"><a href=\"https:\/\/www.chatgpt247.com\/es\/detector-catgpt-ia\/\">ChatGPT y detector de IA<\/a><\/li><li class=\"sitemap-item\"><a href=\"https:\/\/www.chatgpt247.com\/es\/chatgpt-y-empresas-un-duo-ganador-para-mejorar-la-comunicacion\/\">ChatGPT y empresas: un d\u00fao ganador para mejorar la comunicaci\u00f3n<\/a><\/li><li class=\"sitemap-item\"><a href=\"https:\/\/www.chatgpt247.com\/es\/chatgpt-artistas\/\">ChatGPT, el aliado de los artistas para la creaci\u00f3n musical innovadora<\/a><\/li><li class=\"sitemap-item\"><a href=\"https:\/\/www.chatgpt247.com\/es\/chatgpt-el-aliado-del-estudiante-para-aprobar-los-examenes\/\">ChatGPT, el aliado del estudiante para aprobar los ex\u00e1menes<\/a><\/li><li class=\"sitemap-item\"><a href=\"https:\/\/www.chatgpt247.com\/es\/chatgpt-una-nueva-herramienta-revolucionaria-para-escritores-y-guionistas\/\">ChatGPT, una nueva herramienta revolucionaria para escritores y guionistas<\/a><\/li><li class=\"sitemap-item\"><a href=\"https:\/\/www.chatgpt247.com\/es\/chatgpt-servicio-cliente\/\">ChatGPT: asistencia eficaz para sus clientes<\/a><\/li><li class=\"sitemap-item\"><a href=\"https:\/\/www.chatgpt247.com\/es\/chatgpt-traduccion-automatizada\/\">ChatGPT: El futuro de la traducci\u00f3n autom\u00e1tica<\/a><\/li><li class=\"sitemap-item\"><a href=\"https:\/\/www.chatgpt247.com\/es\/chatgpt-trabajo-distancia\/\">ChatGPT: La herramienta revolucionaria para el trabajo a distancia<\/a><\/li><li class=\"sitemap-item\"><a href=\"https:\/\/www.chatgpt247.com\/es\/comunicacion-internne-chatgpt\/\">ChatGPT: la revoluci\u00f3n de la comunicaci\u00f3n interna gracias a la IA<\/a><\/li><li class=\"sitemap-item\"><a href=\"https:\/\/www.chatgpt247.com\/es\/datos-analisis-chatgpt\/\">ChatGPT: la revolucionaria herramienta de an\u00e1lisis de datos<\/a><\/li><li class=\"sitemap-item\"><a href=\"https:\/\/www.chatgpt247.com\/es\/chatgpt-marketing-publicidad\/\">ChatGPT: la revolucionaria herramienta de marketing y publicidad<\/a><\/li><li class=\"sitemap-item\"><a href=\"https:\/\/www.chatgpt247.com\/es\/chatgpt-educacion-distancia\/\">ChatGPT: un agente conversacional para la ense\u00f1anza a distancia<\/a><\/li><li class=\"sitemap-item\"><a href=\"https:\/\/www.chatgpt247.com\/es\/chatgpt-gestion-proyectos\/\">ChatGPT: una gran innovaci\u00f3n para la gesti\u00f3n de proyectos<\/a><\/li><li class=\"sitemap-item\"><a href=\"https:\/\/www.chatgpt247.com\/es\/cine-inteligencia-artificial\/\">Cine e Inteligencia Artificial: una historia fascinante<\/a><\/li><li class=\"sitemap-item\"><a href=\"https:\/\/www.chatgpt247.com\/es\/detector-chatgpt\/\">C\u00f3mo detectar ChatGPT para proteger su empresa<\/a><\/li><li class=\"sitemap-item\"><a href=\"https:\/\/www.chatgpt247.com\/es\/inteligencia-artificial-inmobiliaria\/\">C\u00f3mo la inteligencia artificial est\u00e1 revolucionando el sector inmobiliario<\/a><\/li><li class=\"sitemap-item\"><a href=\"https:\/\/www.chatgpt247.com\/es\/entender-inteligencia-artificial\/\">Comprender la inteligencia artificial GPT: una revoluci\u00f3n en la tecnolog\u00eda moderna<\/a><\/li><li class=\"sitemap-item\"><a href=\"https:\/\/www.chatgpt247.com\/es\/artificial-intelligence-definition-stakes\/\">Comprender la inteligencia artificial: definici\u00f3n y retos<\/a><\/li><li class=\"sitemap-item\"><a href=\"https:\/\/www.chatgpt247.com\/es\/computacion-cuanticae-e-inteligencia-artificial\/\">Computaci\u00f3n cu\u00e1ntica e inteligencia artificial: una revoluci\u00f3n tecnol\u00f3gica en ciernes<\/a><\/li><li class=\"sitemap-item\"><a href=\"https:\/\/www.chatgpt247.com\/es\/chatgpt-espanol\/\">Comun\u00edquese f\u00e1cilmente con la tecnolog\u00eda de chat GPT en espa\u00f1ol<\/a><\/li><li class=\"sitemap-item\"><a href=\"https:\/\/www.chatgpt247.com\/es\/creacion-imagenes-fotos-inteligencia-artificial\/\">Creaci\u00f3n de im\u00e1genes y fotos mediante inteligencia artificial<\/a><\/li><li class=\"sitemap-item\"><a href=\"https:\/\/www.chatgpt247.com\/es\/especificaciones-del-chatbot\/\">Creaci\u00f3n de un chatbot de alto rendimiento: la gu\u00eda definitiva de especificaciones<\/a><\/li><li class=\"sitemap-item\"><a href=\"https:\/\/www.chatgpt247.com\/es\/chatbot-empresa\/\">Crear un chatbot para empresas: una estrategia ganadora<\/a><\/li><li class=\"sitemap-item\"><a href=\"https:\/\/www.chatgpt247.com\/es\/chatgpt-carta-amor\/\">Da vida a tus sentimientos con ChatGPT: Carta de amor<\/a><\/li><li class=\"sitemap-item\"><a href=\"https:\/\/www.chatgpt247.com\/es\/descubrir-chatgpt-4\/\">Descubra ChatGPT 4: el futuro de las aplicaciones de conversaci\u00f3n inteligentes<\/a><\/li><li class=\"sitemap-item\"><a href=\"https:\/\/www.chatgpt247.com\/es\/chatgpt-poeme\/\">Descubra ChatGPT Po\u00e8me: la revoluci\u00f3n de la inteligencia artificial en la poes\u00eda<\/a><\/li><li class=\"sitemap-item\"><a href=\"https:\/\/www.chatgpt247.com\/es\/chatgpt-scenario\/\">Descubra ChatGPT, la herramienta que est\u00e1 revolucionando la creaci\u00f3n de escenarios<\/a><\/li><li class=\"sitemap-item\"><a href=\"https:\/\/www.chatgpt247.com\/es\/chatgpt-definicion\/\">Descubra ChatGPT: Definici\u00f3n del compa\u00f1ero de chat gratuito basado en inteligencia artificial<\/a><\/li><li class=\"sitemap-item\"><a href=\"https:\/\/www.chatgpt247.com\/es\/chatgpt-traduccion\/\">Descubra ChatGPT: la revolucionaria herramienta para traducir sus conversaciones<\/a><\/li><li class=\"sitemap-item\"><a href=\"https:\/\/www.chatgpt247.com\/es\/limites-chatgpt\/\">Descubre los l\u00edmites de ChatGPT para una experiencia de usuario \u00f3ptima<\/a><\/li><li class=\"sitemap-item\"><a href=\"https:\/\/www.chatgpt247.com\/es\/prompt-chatgpt\/\">Descubre los secretos de la escritura con ChatGPT<\/a><\/li><li class=\"sitemap-item\"><a href=\"https:\/\/www.chatgpt247.com\/es\/mi-ai-snapchat\/\">Descubre My Snapchat AI: una revoluci\u00f3n en el mundo de los chatbots<\/a><\/li><li class=\"sitemap-item\"><a href=\"https:\/\/www.chatgpt247.com\/es\/chatgpt-4\/\">Descubrir ChatGPT 4: una revoluci\u00f3n en la comunicaci\u00f3n en l\u00ednea<\/a><\/li><li class=\"sitemap-item\"><a href=\"https:\/\/www.chatgpt247.com\/es\/desarrollo-juegos-video-chatgpt\/\">Domina el desarrollo de videojuegos con ChatGPT<\/a><\/li><li class=\"sitemap-item\"><a href=\"https:\/\/www.chatgpt247.com\/es\/email-chatgpt\/\">Dominar el arte de escribir un correo electr\u00f3nico con ChatGPT<\/a><\/li><li class=\"sitemap-item\"><a href=\"https:\/\/www.chatgpt247.com\/es\/amanecer-de-google-gemini\/\">El amanecer de Google Gemini: desentra\u00f1ando la pr\u00f3xima era de la IA<\/a><\/li><li class=\"sitemap-item\"><a href=\"https:\/\/www.chatgpt247.com\/es\/inteligencia-artificial-generativa\/\">El auge de la inteligencia artificial generativa: una revoluci\u00f3n para las empresas<\/a><\/li><li class=\"sitemap-item\"><a href=\"https:\/\/www.chatgpt247.com\/es\/el-poder-de-la-inteligencia-artificial-y-las-redes-neuronales\/\">El poder de la inteligencia artificial y las redes neuronales<\/a><\/li><li class=\"sitemap-item\"><a href=\"https:\/\/www.chatgpt247.com\/es\/agente-conversacional-definicion\/\">Entender a los agentes conversacionales: definici\u00f3n y utilidad<\/a><\/li><li class=\"sitemap-item\"><a href=\"https:\/\/www.chatgpt247.com\/es\/chatgpt-carta-presentacion\/\">Escribe una carta de presentaci\u00f3n impactante con ChatGPT<\/a><\/li><li class=\"sitemap-item\"><a href=\"https:\/\/www.chatgpt247.com\/es\/meditacion-chatgpt\/\">Experiencia de meditaci\u00f3n con ChatGPT<\/a><\/li><li class=\"sitemap-item\"><a href=\"https:\/\/www.chatgpt247.com\/es\/midjourney-inteligencia-artificial\/\">Explorando el mundo de Midjourney: inteligencia artificial y creaci\u00f3n visual<\/a><\/li><li class=\"sitemap-item\"><a href=\"https:\/\/www.chatgpt247.com\/es\/impacto-del-chatgpt\/\">Explorar la evoluci\u00f3n y el impacto del ChatGPT en la era digital<\/a><\/li><li class=\"sitemap-item\"><a href=\"https:\/\/www.chatgpt247.com\/es\/gemini-respuesta-google-openai\/\">Gemini: la respuesta de Google al l\u00edder del mercado OpenAI<\/a><\/li><li class=\"sitemap-item\"><a href=\"https:\/\/www.chatgpt247.com\/es\/google-deepmind-future-artificial-intelligence\/\">Google Deepmind: el incierto futuro de la inteligencia artificial<\/a><\/li><li class=\"sitemap-item\"><a href=\"https:\/\/www.chatgpt247.com\/es\/chat-gpt-aleman\/\">GPT Chat en alem\u00e1n: una revoluci\u00f3n en la comunicaci\u00f3n<\/a><\/li><li class=\"sitemap-item\"><a href=\"https:\/\/www.chatgpt247.com\/es\/chat-gpt-frances\/\">GPT chat en franc\u00e9s: una revoluci\u00f3n para los asistentes virtuales<\/a><\/li><li class=\"sitemap-item\"><a href=\"https:\/\/www.chatgpt247.com\/es\/grok-ai-inteligencia-artificial-innovacion\/\">Grok AI: La nueva frontera de la innovaci\u00f3n en Inteligencia Artificial<\/a><\/li><li class=\"sitemap-item\"><a href=\"https:\/\/www.chatgpt247.com\/es\/inteligencia-artificial-imagenes\/\">Inteligencia artificial e im\u00e1genes<\/a><\/li><li class=\"sitemap-item\"><a href=\"https:\/\/www.chatgpt247.com\/es\/motores-de-busqueda-de-inteligencia-artificial\/\">Inteligencia artificial y motores de b\u00fasqueda: una alianza revolucionaria<\/a><\/li><li class=\"sitemap-item\"><a href=\"https:\/\/www.chatgpt247.com\/es\/reconocimiento-facial\/\">Inteligencia artificial y reconocimiento facial: una revoluci\u00f3n tecnol\u00f3gica<\/a><\/li><li class=\"sitemap-item\"><a href=\"https:\/\/www.chatgpt247.com\/es\/inteligencia-artificial-seguridad\/\">Inteligencia artificial y seguridad: lo que hay que saber<\/a><\/li><li class=\"sitemap-item\"><a href=\"https:\/\/www.chatgpt247.com\/es\/etica-inteligencia-artificial\/\">La \u00e9tica en la inteligencia artificial: un gran reto para los Estados miembros<\/a><\/li><li class=\"sitemap-item\"><a href=\"https:\/\/www.chatgpt247.com\/es\/inteligencia-artificial-automovil\/\">La inteligencia artificial revoluciona el sector del autom\u00f3vil<\/a><\/li><li class=\"sitemap-item\"><a href=\"https:\/\/www.chatgpt247.com\/es\/ciberseguridad-inteligencia-artificial\/\">La intersecci\u00f3n de la ciberseguridad y la inteligencia artificial: una alianza estrat\u00e9gica<\/a><\/li><li class=\"sitemap-item\"><a href=\"https:\/\/www.chatgpt247.com\/es\/chatbot-definition-function\/\">La revoluci\u00f3n del chatbot: definici\u00f3n y funcionamiento<\/a><\/li><li class=\"sitemap-item\"><a href=\"https:\/\/www.chatgpt247.com\/es\/revolucion-coche-autonomo\/\">La revoluci\u00f3n del coche aut\u00f3nomo est\u00e1 en marcha<\/a><\/li><li class=\"sitemap-item\"><a href=\"https:\/\/www.chatgpt247.com\/es\/nvidia-blackwell-artificial-intelligence\/\">Lanzamiento de Nvidia Blackwell: aceleraci\u00f3n de la inteligencia artificial con una nueva GPU<\/a><\/li><li class=\"sitemap-item\"><a href=\"https:\/\/www.chatgpt247.com\/es\/chatgpt-o3\/\">Los cambios revolucionarios de ChatGPT con el modelo o3<\/a><\/li><li class=\"sitemap-item\"><a href=\"https:\/\/www.chatgpt247.com\/es\/master-chatgpt\/\">Master ChatGPT para mejorar la comunicaci\u00f3n<\/a><\/li><li class=\"sitemap-item\"><a href=\"https:\/\/www.chatgpt247.com\/es\/chatgpt-ecommerce\/\">Maximice la eficacia de su comercio electr\u00f3nico con ChatGPT<\/a><\/li><li class=\"sitemap-item\"><a href=\"https:\/\/www.chatgpt247.com\/es\/contratacion-chatgpt\/\">Maximice su contrataci\u00f3n con ChatGPT<\/a><\/li><li class=\"sitemap-item\"><a href=\"https:\/\/www.chatgpt247.com\/es\/chatgpt-fitness-sport\/\">Mejora tu deporte y rompe estereotipos con los consejos de fitness de ChatGPT<\/a><\/li><li class=\"sitemap-item\"><a href=\"https:\/\/www.chatgpt247.com\/es\/mercedes-chatgpt\/\">Mercedes integra ChatGPT en su asistente de voz MBUX para una experiencia de usuario m\u00e1s intuitiva<\/a><\/li><li class=\"sitemap-item\"><a href=\"https:\/\/www.chatgpt247.com\/es\/microsoft-copilot-asistente-android\/\">Microsoft Copilot: el innovador asistente inteligente para Android<\/a><\/li><li class=\"sitemap-item\"><a href=\"https:\/\/www.chatgpt247.com\/es\/mistral-artificial-intelligence\/\">Mistral AI: la revolucionaria inteligencia artificial francesa en alza<\/a><\/li><li class=\"sitemap-item\"><a href=\"https:\/\/www.chatgpt247.com\/es\/objetivos-openai\/\">Objetivos de OpenAI: transformar la inteligencia artificial por el bien de todos<\/a><\/li><li class=\"sitemap-item\"><a href=\"https:\/\/www.chatgpt247.com\/es\/openai-asociaciones-innovacion\/\">OpenAI ampl\u00eda sus horizontes: Asociaciones, innovaciones y debates \u00e9ticos<\/a><\/li><li class=\"sitemap-item\"><a href=\"https:\/\/www.chatgpt247.com\/es\/acta-reunion-chatgpt\/\">Optimice las actas de sus reuniones con ChatGPT<\/a><\/li><li class=\"sitemap-item\"><a href=\"https:\/\/www.chatgpt247.com\/es\/chatgpt-descriptiones-productos\/\">Optimice las descripciones de sus productos con ChatGPT<\/a><\/li><li class=\"sitemap-item\"><a href=\"https:\/\/www.chatgpt247.com\/es\/chatgpt-simulation-credit\/\">Optimice su cr\u00e9dito con la simulaci\u00f3n de cr\u00e9dito ChatGPT<\/a><\/li><li class=\"sitemap-item\"><a href=\"https:\/\/www.chatgpt247.com\/es\/seo-chatgpt\/\">Optimice su referenciaci\u00f3n con ChatGPT y SEO<\/a><\/li><li class=\"sitemap-item\"><a href=\"https:\/\/www.chatgpt247.com\/es\/vacaciones-inteligencia-artificial\/\">Planifique sus vacaciones con la inteligencia artificial de ChatGPT<\/a><\/li><li class=\"sitemap-item\"><a href=\"https:\/\/www.chatgpt247.com\/es\/tratamiento-lenguaje-natural\/\">Procesamiento autom\u00e1tico del lenguaje natural: las claves para desmitificar esta tecnolog\u00eda<\/a><\/li><li class=\"sitemap-item\"><a href=\"https:\/\/www.chatgpt247.com\/es\/revolucionarias-herramientas-de-generacion-de-codigo-gpt-e-inteligencia-artificial\/\">Revolucionarias herramientas de generaci\u00f3n de c\u00f3digo: GPT e inteligencia artificial<\/a><\/li><li class=\"sitemap-item\"><a href=\"https:\/\/www.chatgpt247.com\/es\/claude-ai-inteligencia-artificial\/\">Una nueva generaci\u00f3n de inteligencia artificial: Claude AI<\/a><\/li><\/ul><\/div><\/div><br style=\"clear: both;\">\n","protected":false},"excerpt":{"rendered":"","protected":false},"author":1,"featured_media":0,"parent":0,"menu_order":0,"comment_status":"closed","ping_status":"closed","template":"","meta":{"footnotes":""},"class_list":["post-423","page","type-page","status-publish","hentry"],"yoast_head":"<!-- This site is optimized with the Yoast SEO plugin v27.5 - https:\/\/yoast.com\/product\/yoast-seo-wordpress\/ -->\n<title>Mapa del sitio - ChatGPT 247<\/title>\n<meta name=\"robots\" content=\"index, follow, max-snippet:-1, max-image-preview:large, max-video-preview:-1\" \/>\n<link rel=\"canonical\" href=\"https:\/\/www.chatgpt247.com\/es\/sitemap\/\" \/>\n<meta property=\"og:locale\" content=\"es_ES\" \/>\n<meta property=\"og:type\" content=\"article\" \/>\n<meta property=\"og:title\" content=\"Mapa del sitio - ChatGPT 247\" \/>\n<meta property=\"og:url\" content=\"https:\/\/www.chatgpt247.com\/es\/sitemap\/\" \/>\n<meta property=\"og:site_name\" content=\"ChatGPT 247\" \/>\n<meta property=\"article:modified_time\" content=\"2023-05-17T12:09:42+00:00\" \/>\n<meta property=\"og:image\" content=\"https:\/\/www.chatgpt247.com\/wp-content\/uploads\/2023\/08\/machine-learning.jpg\" \/>\n\t<meta property=\"og:image:width\" content=\"1500\" \/>\n\t<meta property=\"og:image:height\" content=\"1000\" \/>\n\t<meta property=\"og:image:type\" content=\"image\/jpeg\" \/>\n<meta name=\"twitter:card\" content=\"summary_large_image\" \/>\n<meta name=\"twitter:label1\" content=\"Tiempo de lectura\" \/>\n\t<meta name=\"twitter:data1\" content=\"1 minuto\" \/>\n<script type=\"application\/ld+json\" class=\"yoast-schema-graph\">{\"@context\":\"https:\\\/\\\/schema.org\",\"@graph\":[{\"@type\":\"WebPage\",\"@id\":\"https:\\\/\\\/www.chatgpt247.com\\\/es\\\/sitemap\\\/\",\"url\":\"https:\\\/\\\/www.chatgpt247.com\\\/es\\\/sitemap\\\/\",\"name\":\"Mapa del sitio - ChatGPT 247\",\"isPartOf\":{\"@id\":\"https:\\\/\\\/www.chatgpt247.com\\\/es\\\/#website\"},\"datePublished\":\"2023-05-17T09:06:33+00:00\",\"dateModified\":\"2023-05-17T12:09:42+00:00\",\"breadcrumb\":{\"@id\":\"https:\\\/\\\/www.chatgpt247.com\\\/es\\\/sitemap\\\/#breadcrumb\"},\"inLanguage\":\"es\",\"potentialAction\":[{\"@type\":\"ReadAction\",\"target\":[\"https:\\\/\\\/www.chatgpt247.com\\\/es\\\/sitemap\\\/\"]}]},{\"@type\":\"BreadcrumbList\",\"@id\":\"https:\\\/\\\/www.chatgpt247.com\\\/es\\\/sitemap\\\/#breadcrumb\",\"itemListElement\":[{\"@type\":\"ListItem\",\"position\":1,\"name\":\"Home\",\"item\":\"https:\\\/\\\/www.chatgpt247.com\\\/es\\\/\"},{\"@type\":\"ListItem\",\"position\":2,\"name\":\"Mapa del sitio\"}]},{\"@type\":\"WebSite\",\"@id\":\"https:\\\/\\\/www.chatgpt247.com\\\/es\\\/#website\",\"url\":\"https:\\\/\\\/www.chatgpt247.com\\\/es\\\/\",\"name\":\"ChatGPT 247\",\"description\":\"\",\"publisher\":{\"@id\":\"https:\\\/\\\/www.chatgpt247.com\\\/es\\\/#organization\"},\"potentialAction\":[{\"@type\":\"SearchAction\",\"target\":{\"@type\":\"EntryPoint\",\"urlTemplate\":\"https:\\\/\\\/www.chatgpt247.com\\\/es\\\/?s={search_term_string}\"},\"query-input\":{\"@type\":\"PropertyValueSpecification\",\"valueRequired\":true,\"valueName\":\"search_term_string\"}}],\"inLanguage\":\"es\"},{\"@type\":\"Organization\",\"@id\":\"https:\\\/\\\/www.chatgpt247.com\\\/es\\\/#organization\",\"name\":\"ChatGPT 247\",\"url\":\"https:\\\/\\\/www.chatgpt247.com\\\/es\\\/\",\"logo\":{\"@type\":\"ImageObject\",\"inLanguage\":\"es\",\"@id\":\"https:\\\/\\\/www.chatgpt247.com\\\/es\\\/#\\\/schema\\\/logo\\\/image\\\/\",\"url\":\"https:\\\/\\\/www.chatgpt247.com\\\/wp-content\\\/uploads\\\/2023\\\/06\\\/chatgpt-translation.jpg\",\"contentUrl\":\"https:\\\/\\\/www.chatgpt247.com\\\/wp-content\\\/uploads\\\/2023\\\/06\\\/chatgpt-translation.jpg\",\"width\":1500,\"height\":1015,\"caption\":\"ChatGPT 247\"},\"image\":{\"@id\":\"https:\\\/\\\/www.chatgpt247.com\\\/es\\\/#\\\/schema\\\/logo\\\/image\\\/\"}}]}<\/script>\n<!-- \/ Yoast SEO plugin. -->","yoast_head_json":{"title":"Mapa del sitio - ChatGPT 247","robots":{"index":"index","follow":"follow","max-snippet":"max-snippet:-1","max-image-preview":"max-image-preview:large","max-video-preview":"max-video-preview:-1"},"canonical":"https:\/\/www.chatgpt247.com\/es\/sitemap\/","og_locale":"es_ES","og_type":"article","og_title":"Mapa del sitio - ChatGPT 247","og_url":"https:\/\/www.chatgpt247.com\/es\/sitemap\/","og_site_name":"ChatGPT 247","article_modified_time":"2023-05-17T12:09:42+00:00","og_image":[{"width":1500,"height":1000,"url":"https:\/\/www.chatgpt247.com\/wp-content\/uploads\/2023\/08\/machine-learning.jpg","type":"image\/jpeg"}],"twitter_card":"summary_large_image","twitter_misc":{"Tiempo de lectura":"1 minuto"},"schema":{"@context":"https:\/\/schema.org","@graph":[{"@type":"WebPage","@id":"https:\/\/www.chatgpt247.com\/es\/sitemap\/","url":"https:\/\/www.chatgpt247.com\/es\/sitemap\/","name":"Mapa del sitio - ChatGPT 247","isPartOf":{"@id":"https:\/\/www.chatgpt247.com\/es\/#website"},"datePublished":"2023-05-17T09:06:33+00:00","dateModified":"2023-05-17T12:09:42+00:00","breadcrumb":{"@id":"https:\/\/www.chatgpt247.com\/es\/sitemap\/#breadcrumb"},"inLanguage":"es","potentialAction":[{"@type":"ReadAction","target":["https:\/\/www.chatgpt247.com\/es\/sitemap\/"]}]},{"@type":"BreadcrumbList","@id":"https:\/\/www.chatgpt247.com\/es\/sitemap\/#breadcrumb","itemListElement":[{"@type":"ListItem","position":1,"name":"Home","item":"https:\/\/www.chatgpt247.com\/es\/"},{"@type":"ListItem","position":2,"name":"Mapa del sitio"}]},{"@type":"WebSite","@id":"https:\/\/www.chatgpt247.com\/es\/#website","url":"https:\/\/www.chatgpt247.com\/es\/","name":"ChatGPT 247","description":"","publisher":{"@id":"https:\/\/www.chatgpt247.com\/es\/#organization"},"potentialAction":[{"@type":"SearchAction","target":{"@type":"EntryPoint","urlTemplate":"https:\/\/www.chatgpt247.com\/es\/?s={search_term_string}"},"query-input":{"@type":"PropertyValueSpecification","valueRequired":true,"valueName":"search_term_string"}}],"inLanguage":"es"},{"@type":"Organization","@id":"https:\/\/www.chatgpt247.com\/es\/#organization","name":"ChatGPT 247","url":"https:\/\/www.chatgpt247.com\/es\/","logo":{"@type":"ImageObject","inLanguage":"es","@id":"https:\/\/www.chatgpt247.com\/es\/#\/schema\/logo\/image\/","url":"https:\/\/www.chatgpt247.com\/wp-content\/uploads\/2023\/06\/chatgpt-translation.jpg","contentUrl":"https:\/\/www.chatgpt247.com\/wp-content\/uploads\/2023\/06\/chatgpt-translation.jpg","width":1500,"height":1015,"caption":"ChatGPT 247"},"image":{"@id":"https:\/\/www.chatgpt247.com\/es\/#\/schema\/logo\/image\/"}}]}},"_links":{"self":[{"href":"https:\/\/www.chatgpt247.com\/es\/wp-json\/wp\/v2\/pages\/423","targetHints":{"allow":["GET"]}}],"collection":[{"href":"https:\/\/www.chatgpt247.com\/es\/wp-json\/wp\/v2\/pages"}],"about":[{"href":"https:\/\/www.chatgpt247.com\/es\/wp-json\/wp\/v2\/types\/page"}],"author":[{"embeddable":true,"href":"https:\/\/www.chatgpt247.com\/es\/wp-json\/wp\/v2\/users\/1"}],"replies":[{"embeddable":true,"href":"https:\/\/www.chatgpt247.com\/es\/wp-json\/wp\/v2\/comments?post=423"}],"version-history":[{"count":0,"href":"https:\/\/www.chatgpt247.com\/es\/wp-json\/wp\/v2\/pages\/423\/revisions"}],"wp:attachment":[{"href":"https:\/\/www.chatgpt247.com\/es\/wp-json\/wp\/v2\/media?parent=423"}],"curies":[{"name":"wp","href":"https:\/\/api.w.org\/{rel}","templated":true}]}}