{"id":269,"date":"2023-05-15T19:31:59","date_gmt":"2023-05-15T19:31:59","guid":{"rendered":"https:\/\/www.chatgpt247.com\/?page_id=269"},"modified":"2023-08-23T15:10:13","modified_gmt":"2023-08-23T15:10:13","slug":"a-propos-de-chatgpt-247","status":"publish","type":"page","link":"https:\/\/www.chatgpt247.com\/fr\/a-propos-de-chatgpt-247\/","title":{"rendered":"\u00c0 propos de ChatGPT 247"},"content":{"rendered":"\n<figure class=\"wp-block-image size-full is-resized\"><img loading=\"lazy\" decoding=\"async\" src=\"https:\/\/www.chatgpt247.com\/wp-content\/uploads\/2023\/05\/img-IA9MQCrKvfU7Tq8H7duYOUsQ.png\" alt=\"chatgpt team\" class=\"wp-image-285\" style=\"width:512px;height:512px\" width=\"512\" height=\"512\" srcset=\"https:\/\/www.chatgpt247.com\/wp-content\/uploads\/2023\/05\/img-IA9MQCrKvfU7Tq8H7duYOUsQ.png 1024w, https:\/\/www.chatgpt247.com\/wp-content\/uploads\/2023\/05\/img-IA9MQCrKvfU7Tq8H7duYOUsQ-300x300.png 300w, https:\/\/www.chatgpt247.com\/wp-content\/uploads\/2023\/05\/img-IA9MQCrKvfU7Tq8H7duYOUsQ-150x150.png 150w, https:\/\/www.chatgpt247.com\/wp-content\/uploads\/2023\/05\/img-IA9MQCrKvfU7Tq8H7duYOUsQ-768x768.png 768w\" sizes=\"auto, (max-width: 512px) 100vw, 512px\" \/><\/figure>\n\n\n\n<p>Bienvenue sur notre site d\u00e9di\u00e9 \u00e0 l&rsquo;actualit\u00e9, aux tutoriels et guides sur <strong>ChatGPT et l&rsquo;intelligence artificielle g\u00e9n\u00e9rative<\/strong>. Ici, vous trouverez toutes les informations les plus r\u00e9centes sur les avanc\u00e9es technologiques dans le domaine de l&rsquo;IA et de la g\u00e9n\u00e9ration de langage naturel.<\/p>\n\n\n\n<p>Notre \u00e9quipe de r\u00e9dacteurs passionn\u00e9s suit de pr\u00e8s les derni\u00e8res tendances et les d\u00e9veloppements les plus r\u00e9cents dans le domaine de <a href=\"\/fr\/intelligence-artificielle\/\">l&rsquo;intelligence artificielle<\/a>. Nous vous offrons des articles de qualit\u00e9, des tutoriels et des guides pratiques pour vous aider \u00e0 comprendre et \u00e0 utiliser ChatGPT et d&rsquo;autres outils de g\u00e9n\u00e9ration de langage naturel.<\/p>\n\n\n\n<p>Que vous soyez un d\u00e9butant ou un expert en IA, notre site est con\u00e7u pour r\u00e9pondre \u00e0 tous vos besoins. Nous couvrons une vari\u00e9t\u00e9 de sujets, allant des bases de <strong>l&rsquo;IA et de la g\u00e9n\u00e9ration de langage naturel<\/strong> aux derni\u00e8res avanc\u00e9es en mati\u00e8re de traitement du langage naturel.<\/p>\n\n\n\n<p>Si vous souhaitez nous contacter vous pouvez utiliser <a href=\"https:\/\/www.chatgpt247.com\/fr\/nous-contacter\/\">ce formulaire<\/a>, nous vous r\u00e9pondrons au plus vite !<\/p>\n\n\n\n<p>Nous sommes convaincus que notre site sera une ressource inestimable pour tous ceux qui s&rsquo;int\u00e9ressent \u00e0 l&rsquo;IA et <a href=\"\/fr\/chatgpt\/\">ChatGPT<\/a>. Nous esp\u00e9rons que vous appr\u00e9cierez notre contenu et que vous reviendrez souvent pour d\u00e9couvrir les derni\u00e8res nouvelles et les tendances les plus r\u00e9centes dans ce domaine passionnant.<\/p>\n\n\n\n<p>ChatGPT247 est un site ind\u00e9pendant sans aucun lien officiel avec OpenAI \/ ChatGPT.<\/p>\n","protected":false},"excerpt":{"rendered":"<p>Bienvenue sur notre site d\u00e9di\u00e9 \u00e0 l&rsquo;actualit\u00e9, aux tutoriels et guides sur ChatGPT et l&rsquo;intelligence artificielle g\u00e9n\u00e9rative. Ici, vous trouverez toutes les informations les plus r\u00e9centes sur les avanc\u00e9es technologiques dans le domaine de l&rsquo;IA et de la g\u00e9n\u00e9ration de langage naturel. Notre \u00e9quipe de r\u00e9dacteurs passionn\u00e9s suit de pr\u00e8s &hellip; <\/p>\n","protected":false},"author":1,"featured_media":0,"parent":0,"menu_order":0,"comment_status":"closed","ping_status":"closed","template":"","meta":{"footnotes":""},"class_list":["post-269","page","type-page","status-publish","hentry"],"yoast_head":"<!-- This site is optimized with the Yoast SEO plugin v27.4 - https:\/\/yoast.com\/product\/yoast-seo-wordpress\/ -->\n<title>\u00c0 propos de ChatGPT 247 - ChatGPT 247<\/title>\n<meta name=\"robots\" content=\"index, follow, max-snippet:-1, max-image-preview:large, max-video-preview:-1\" \/>\n<link rel=\"canonical\" href=\"https:\/\/www.chatgpt247.com\/fr\/a-propos-de-chatgpt-247\/\" \/>\n<meta property=\"og:locale\" content=\"fr_FR\" \/>\n<meta property=\"og:type\" content=\"article\" \/>\n<meta property=\"og:title\" content=\"\u00c0 propos de ChatGPT 247 - ChatGPT 247\" \/>\n<meta property=\"og:description\" content=\"Bienvenue sur notre site d\u00e9di\u00e9 \u00e0 l&rsquo;actualit\u00e9, aux tutoriels et guides sur ChatGPT et l&rsquo;intelligence artificielle g\u00e9n\u00e9rative. Ici, vous trouverez toutes les informations les plus r\u00e9centes sur les avanc\u00e9es technologiques dans le domaine de l&rsquo;IA et de la g\u00e9n\u00e9ration de langage naturel. Notre \u00e9quipe de r\u00e9dacteurs passionn\u00e9s suit de pr\u00e8s &hellip;\" \/>\n<meta property=\"og:url\" content=\"https:\/\/www.chatgpt247.com\/fr\/a-propos-de-chatgpt-247\/\" \/>\n<meta property=\"og:site_name\" content=\"ChatGPT 247\" \/>\n<meta property=\"article:modified_time\" content=\"2023-08-23T15:10:13+00:00\" \/>\n<meta property=\"og:image\" content=\"https:\/\/www.chatgpt247.com\/wp-content\/uploads\/2023\/05\/img-IA9MQCrKvfU7Tq8H7duYOUsQ.png\" \/>\n<meta name=\"twitter:card\" content=\"summary_large_image\" \/>\n<meta name=\"twitter:label1\" content=\"Dur\u00e9e de lecture estim\u00e9e\" \/>\n\t<meta name=\"twitter:data1\" content=\"2 minutes\" \/>\n<script type=\"application\/ld+json\" class=\"yoast-schema-graph\">{\"@context\":\"https:\\\/\\\/schema.org\",\"@graph\":[{\"@type\":\"WebPage\",\"@id\":\"https:\\\/\\\/www.chatgpt247.com\\\/fr\\\/a-propos-de-chatgpt-247\\\/\",\"url\":\"https:\\\/\\\/www.chatgpt247.com\\\/fr\\\/a-propos-de-chatgpt-247\\\/\",\"name\":\"\u00c0 propos de ChatGPT 247 - ChatGPT 247\",\"isPartOf\":{\"@id\":\"https:\\\/\\\/www.chatgpt247.com\\\/fr\\\/#website\"},\"primaryImageOfPage\":{\"@id\":\"https:\\\/\\\/www.chatgpt247.com\\\/fr\\\/a-propos-de-chatgpt-247\\\/#primaryimage\"},\"image\":{\"@id\":\"https:\\\/\\\/www.chatgpt247.com\\\/fr\\\/a-propos-de-chatgpt-247\\\/#primaryimage\"},\"thumbnailUrl\":\"https:\\\/\\\/www.chatgpt247.com\\\/wp-content\\\/uploads\\\/2023\\\/05\\\/img-IA9MQCrKvfU7Tq8H7duYOUsQ.png\",\"datePublished\":\"2023-05-15T19:31:59+00:00\",\"dateModified\":\"2023-08-23T15:10:13+00:00\",\"breadcrumb\":{\"@id\":\"https:\\\/\\\/www.chatgpt247.com\\\/fr\\\/a-propos-de-chatgpt-247\\\/#breadcrumb\"},\"inLanguage\":\"fr-FR\",\"potentialAction\":[{\"@type\":\"ReadAction\",\"target\":[\"https:\\\/\\\/www.chatgpt247.com\\\/fr\\\/a-propos-de-chatgpt-247\\\/\"]}]},{\"@type\":\"ImageObject\",\"inLanguage\":\"fr-FR\",\"@id\":\"https:\\\/\\\/www.chatgpt247.com\\\/fr\\\/a-propos-de-chatgpt-247\\\/#primaryimage\",\"url\":\"https:\\\/\\\/www.chatgpt247.com\\\/wp-content\\\/uploads\\\/2023\\\/05\\\/img-IA9MQCrKvfU7Tq8H7duYOUsQ.png\",\"contentUrl\":\"https:\\\/\\\/www.chatgpt247.com\\\/wp-content\\\/uploads\\\/2023\\\/05\\\/img-IA9MQCrKvfU7Tq8H7duYOUsQ.png\"},{\"@type\":\"BreadcrumbList\",\"@id\":\"https:\\\/\\\/www.chatgpt247.com\\\/fr\\\/a-propos-de-chatgpt-247\\\/#breadcrumb\",\"itemListElement\":[{\"@type\":\"ListItem\",\"position\":1,\"name\":\"Home\",\"item\":\"https:\\\/\\\/www.chatgpt247.com\\\/fr\\\/\"},{\"@type\":\"ListItem\",\"position\":2,\"name\":\"\u00c0 propos de ChatGPT 247\"}]},{\"@type\":\"WebSite\",\"@id\":\"https:\\\/\\\/www.chatgpt247.com\\\/fr\\\/#website\",\"url\":\"https:\\\/\\\/www.chatgpt247.com\\\/fr\\\/\",\"name\":\"ChatGPT 247\",\"description\":\"\",\"publisher\":{\"@id\":\"https:\\\/\\\/www.chatgpt247.com\\\/fr\\\/#organization\"},\"potentialAction\":[{\"@type\":\"SearchAction\",\"target\":{\"@type\":\"EntryPoint\",\"urlTemplate\":\"https:\\\/\\\/www.chatgpt247.com\\\/fr\\\/?s={search_term_string}\"},\"query-input\":{\"@type\":\"PropertyValueSpecification\",\"valueRequired\":true,\"valueName\":\"search_term_string\"}}],\"inLanguage\":\"fr-FR\"},{\"@type\":\"Organization\",\"@id\":\"https:\\\/\\\/www.chatgpt247.com\\\/fr\\\/#organization\",\"name\":\"ChatGPT 247\",\"url\":\"https:\\\/\\\/www.chatgpt247.com\\\/fr\\\/\",\"logo\":{\"@type\":\"ImageObject\",\"inLanguage\":\"fr-FR\",\"@id\":\"https:\\\/\\\/www.chatgpt247.com\\\/fr\\\/#\\\/schema\\\/logo\\\/image\\\/\",\"url\":\"https:\\\/\\\/www.chatgpt247.com\\\/wp-content\\\/uploads\\\/2023\\\/06\\\/chatgpt-translation.jpg\",\"contentUrl\":\"https:\\\/\\\/www.chatgpt247.com\\\/wp-content\\\/uploads\\\/2023\\\/06\\\/chatgpt-translation.jpg\",\"width\":1500,\"height\":1015,\"caption\":\"ChatGPT 247\"},\"image\":{\"@id\":\"https:\\\/\\\/www.chatgpt247.com\\\/fr\\\/#\\\/schema\\\/logo\\\/image\\\/\"}}]}<\/script>\n<!-- \/ Yoast SEO plugin. -->","yoast_head_json":{"title":"\u00c0 propos de ChatGPT 247 - ChatGPT 247","robots":{"index":"index","follow":"follow","max-snippet":"max-snippet:-1","max-image-preview":"max-image-preview:large","max-video-preview":"max-video-preview:-1"},"canonical":"https:\/\/www.chatgpt247.com\/fr\/a-propos-de-chatgpt-247\/","og_locale":"fr_FR","og_type":"article","og_title":"\u00c0 propos de ChatGPT 247 - ChatGPT 247","og_description":"Bienvenue sur notre site d\u00e9di\u00e9 \u00e0 l&rsquo;actualit\u00e9, aux tutoriels et guides sur ChatGPT et l&rsquo;intelligence artificielle g\u00e9n\u00e9rative. Ici, vous trouverez toutes les informations les plus r\u00e9centes sur les avanc\u00e9es technologiques dans le domaine de l&rsquo;IA et de la g\u00e9n\u00e9ration de langage naturel. Notre \u00e9quipe de r\u00e9dacteurs passionn\u00e9s suit de pr\u00e8s &hellip;","og_url":"https:\/\/www.chatgpt247.com\/fr\/a-propos-de-chatgpt-247\/","og_site_name":"ChatGPT 247","article_modified_time":"2023-08-23T15:10:13+00:00","og_image":[{"url":"https:\/\/www.chatgpt247.com\/wp-content\/uploads\/2023\/05\/img-IA9MQCrKvfU7Tq8H7duYOUsQ.png","type":"","width":"","height":""}],"twitter_card":"summary_large_image","twitter_misc":{"Dur\u00e9e de lecture estim\u00e9e":"2 minutes"},"schema":{"@context":"https:\/\/schema.org","@graph":[{"@type":"WebPage","@id":"https:\/\/www.chatgpt247.com\/fr\/a-propos-de-chatgpt-247\/","url":"https:\/\/www.chatgpt247.com\/fr\/a-propos-de-chatgpt-247\/","name":"\u00c0 propos de ChatGPT 247 - ChatGPT 247","isPartOf":{"@id":"https:\/\/www.chatgpt247.com\/fr\/#website"},"primaryImageOfPage":{"@id":"https:\/\/www.chatgpt247.com\/fr\/a-propos-de-chatgpt-247\/#primaryimage"},"image":{"@id":"https:\/\/www.chatgpt247.com\/fr\/a-propos-de-chatgpt-247\/#primaryimage"},"thumbnailUrl":"https:\/\/www.chatgpt247.com\/wp-content\/uploads\/2023\/05\/img-IA9MQCrKvfU7Tq8H7duYOUsQ.png","datePublished":"2023-05-15T19:31:59+00:00","dateModified":"2023-08-23T15:10:13+00:00","breadcrumb":{"@id":"https:\/\/www.chatgpt247.com\/fr\/a-propos-de-chatgpt-247\/#breadcrumb"},"inLanguage":"fr-FR","potentialAction":[{"@type":"ReadAction","target":["https:\/\/www.chatgpt247.com\/fr\/a-propos-de-chatgpt-247\/"]}]},{"@type":"ImageObject","inLanguage":"fr-FR","@id":"https:\/\/www.chatgpt247.com\/fr\/a-propos-de-chatgpt-247\/#primaryimage","url":"https:\/\/www.chatgpt247.com\/wp-content\/uploads\/2023\/05\/img-IA9MQCrKvfU7Tq8H7duYOUsQ.png","contentUrl":"https:\/\/www.chatgpt247.com\/wp-content\/uploads\/2023\/05\/img-IA9MQCrKvfU7Tq8H7duYOUsQ.png"},{"@type":"BreadcrumbList","@id":"https:\/\/www.chatgpt247.com\/fr\/a-propos-de-chatgpt-247\/#breadcrumb","itemListElement":[{"@type":"ListItem","position":1,"name":"Home","item":"https:\/\/www.chatgpt247.com\/fr\/"},{"@type":"ListItem","position":2,"name":"\u00c0 propos de ChatGPT 247"}]},{"@type":"WebSite","@id":"https:\/\/www.chatgpt247.com\/fr\/#website","url":"https:\/\/www.chatgpt247.com\/fr\/","name":"ChatGPT 247","description":"","publisher":{"@id":"https:\/\/www.chatgpt247.com\/fr\/#organization"},"potentialAction":[{"@type":"SearchAction","target":{"@type":"EntryPoint","urlTemplate":"https:\/\/www.chatgpt247.com\/fr\/?s={search_term_string}"},"query-input":{"@type":"PropertyValueSpecification","valueRequired":true,"valueName":"search_term_string"}}],"inLanguage":"fr-FR"},{"@type":"Organization","@id":"https:\/\/www.chatgpt247.com\/fr\/#organization","name":"ChatGPT 247","url":"https:\/\/www.chatgpt247.com\/fr\/","logo":{"@type":"ImageObject","inLanguage":"fr-FR","@id":"https:\/\/www.chatgpt247.com\/fr\/#\/schema\/logo\/image\/","url":"https:\/\/www.chatgpt247.com\/wp-content\/uploads\/2023\/06\/chatgpt-translation.jpg","contentUrl":"https:\/\/www.chatgpt247.com\/wp-content\/uploads\/2023\/06\/chatgpt-translation.jpg","width":1500,"height":1015,"caption":"ChatGPT 247"},"image":{"@id":"https:\/\/www.chatgpt247.com\/fr\/#\/schema\/logo\/image\/"}}]}},"_links":{"self":[{"href":"https:\/\/www.chatgpt247.com\/fr\/wp-json\/wp\/v2\/pages\/269","targetHints":{"allow":["GET"]}}],"collection":[{"href":"https:\/\/www.chatgpt247.com\/fr\/wp-json\/wp\/v2\/pages"}],"about":[{"href":"https:\/\/www.chatgpt247.com\/fr\/wp-json\/wp\/v2\/types\/page"}],"author":[{"embeddable":true,"href":"https:\/\/www.chatgpt247.com\/fr\/wp-json\/wp\/v2\/users\/1"}],"replies":[{"embeddable":true,"href":"https:\/\/www.chatgpt247.com\/fr\/wp-json\/wp\/v2\/comments?post=269"}],"version-history":[{"count":0,"href":"https:\/\/www.chatgpt247.com\/fr\/wp-json\/wp\/v2\/pages\/269\/revisions"}],"wp:attachment":[{"href":"https:\/\/www.chatgpt247.com\/fr\/wp-json\/wp\/v2\/media?parent=269"}],"curies":[{"name":"wp","href":"https:\/\/api.w.org\/{rel}","templated":true}]}}