{"id":292,"date":"2023-05-16T10:15:20","date_gmt":"2023-05-16T10:15:20","guid":{"rendered":"https:\/\/www.chatgpt247.com\/?page_id=292"},"modified":"2023-05-16T10:15:21","modified_gmt":"2023-05-16T10:15:21","slug":"nous-contacter","status":"publish","type":"page","link":"https:\/\/www.chatgpt247.com\/fr\/nous-contacter\/","title":{"rendered":"Nous contacter"},"content":{"rendered":"\n<p>Bienvenue sur notre page de contact ! Ici, vous pouvez nous envoyer un message pour diff\u00e9rentes raisons : une demande de renseignements, une suggestion, une mise en relation, ou tout simplement pour nous dire bonjour !<\/p>\n\n\n\n<p>Nous sommes toujours ravis de recevoir des messages de nos visiteurs et nous nous effor\u00e7ons de r\u00e9pondre \u00e0 toutes les demandes dans les plus brefs d\u00e9lai. Si vous avez une id\u00e9e pour am\u00e9liorer notre site web, nous serions ravis de l&rsquo;entendre. Si vous souhaitez simplement nous faire part de vos<br>commentaires, nous sommes \u00e0 l&rsquo;\u00e9coute.<\/p>\n\n\n\n<p>Notre formulaire de contact est facile \u00e0 utiliser et vous pouvez nous envoyer un message \u00e0 tout moment. Nous sommes impatients de vous entendre et de vous aider de toutes les mani\u00e8res possibles. N&rsquo;h\u00e9sitez pas \u00e0 nous contacter d\u00e8s maintenant !<\/p>\n\n\n<div class=\"wpforms-container wpforms-container-full wpforms-block wpforms-block-b6f577fe-6121-4159-8514-598a072c77ae wpforms-render-modern\" id=\"wpforms-294\"><form id=\"wpforms-form-294\" class=\"wpforms-validate wpforms-form wpforms-ajax-form\" data-formid=\"294\" method=\"post\" enctype=\"multipart\/form-data\" action=\"\/fr\/wp-json\/wp\/v2\/pages\/292\" data-token=\"bb53a9e254e50db43e4e42c35cdf0e48\" data-token-time=\"1778702055\"><noscript class=\"wpforms-error-noscript\">Veuillez activer JavaScript dans votre navigateur pour remplir ce formulaire.<\/noscript><div id=\"wpforms-error-noscript\" style=\"display: none;\">Veuillez activer JavaScript dans votre navigateur pour remplir ce formulaire.<\/div><div class=\"wpforms-field-container\"><div id=\"wpforms-294-field_0-container\" class=\"wpforms-field wpforms-field-name\" data-field-id=\"0\"><fieldset><legend class=\"wpforms-field-label\">Name <span class=\"wpforms-required-label\" aria-hidden=\"true\">*<\/span><\/legend><div class=\"wpforms-field-row wpforms-field-medium\"><div class=\"wpforms-field-row-block wpforms-first wpforms-one-half\"><input type=\"text\" id=\"wpforms-294-field_0\" class=\"wpforms-field-name-first wpforms-field-required\" name=\"wpforms[fields][0][first]\" aria-errormessage=\"wpforms-294-field_0-error\" required><label for=\"wpforms-294-field_0\" class=\"wpforms-field-sublabel after\">Pr\u00e9nom<\/label><\/div><div class=\"wpforms-field-row-block wpforms-one-half\"><input type=\"text\" id=\"wpforms-294-field_0-last\" class=\"wpforms-field-name-last wpforms-field-required\" name=\"wpforms[fields][0][last]\" aria-errormessage=\"wpforms-294-field_0-last-error\" required><label for=\"wpforms-294-field_0-last\" class=\"wpforms-field-sublabel after\">Nom<\/label><\/div><\/div><\/fieldset><\/div><div id=\"wpforms-294-field_1-container\" class=\"wpforms-field wpforms-field-email\" data-field-id=\"1\"><fieldset><legend class=\"wpforms-field-label\">Email <span class=\"wpforms-required-label\" aria-hidden=\"true\">*<\/span><\/legend><div class=\"wpforms-field-row wpforms-field-medium\"><div class=\"wpforms-field-row-block wpforms-one-half wpforms-first\"><input type=\"email\" id=\"wpforms-294-field_1\" class=\"wpforms-field-required wpforms-field-email-primary\" name=\"wpforms[fields][1][primary]\" spellcheck=\"false\" aria-errormessage=\"wpforms-294-field_1-error\" required><label for=\"wpforms-294-field_1\" class=\"wpforms-field-sublabel after\">E-mail<\/label><\/div><div class=\"wpforms-field-row-block wpforms-one-half\"><input type=\"email\" id=\"wpforms-294-field_1-secondary\" class=\"wpforms-field-email-secondary wpforms-field-required\" data-rule-confirm=\"#wpforms-294-field_1\" name=\"wpforms[fields][1][secondary]\" spellcheck=\"false\" aria-errormessage=\"wpforms-294-field_1-secondary-error\" required><label for=\"wpforms-294-field_1-secondary\" class=\"wpforms-field-sublabel after\">Confirmez l\u2019e-mail<\/label><\/div><\/div><\/fieldset><\/div><div id=\"wpforms-294-field_2-container\" class=\"wpforms-field wpforms-field-textarea\" data-field-id=\"2\"><label class=\"wpforms-field-label\" for=\"wpforms-294-field_2\">Comment or Message<\/label><textarea id=\"wpforms-294-field_2\" class=\"wpforms-field-medium\" name=\"wpforms[fields][2]\" aria-errormessage=\"wpforms-294-field_2-error\" ><\/textarea><\/div><\/div><!-- .wpforms-field-container --><div class=\"wpforms-submit-container\" ><input type=\"hidden\" name=\"wpforms[id]\" value=\"294\"><input type=\"hidden\" name=\"page_title\" value=\"\"><input type=\"hidden\" name=\"page_url\" value=\"https:\/\/www.chatgpt247.com\/fr\/wp-json\/wp\/v2\/pages\/292\"><input type=\"hidden\" name=\"url_referer\" value=\"\"><button type=\"submit\" name=\"wpforms[submit]\" id=\"wpforms-submit-294\" class=\"wpforms-submit\" data-alt-text=\"Sending...\" data-submit-text=\"Submit\" aria-live=\"assertive\" value=\"wpforms-submit\">Submit<\/button><img loading=\"lazy\" decoding=\"async\" src=\"https:\/\/www.chatgpt247.com\/wp-content\/plugins\/wpforms-lite\/assets\/images\/submit-spin.svg\" class=\"wpforms-submit-spinner\" style=\"display: none;\" width=\"26\" height=\"26\" alt=\"Chargement en cours\"><\/div><\/form><\/div>  <!-- .wpforms-container -->","protected":false},"excerpt":{"rendered":"<p>Bienvenue sur notre page de contact ! Ici, vous pouvez nous envoyer un message pour diff\u00e9rentes raisons : une demande de renseignements, une suggestion, une mise en relation, ou tout simplement pour nous dire bonjour ! Nous sommes toujours ravis de recevoir des messages de nos visiteurs et nous nous &hellip; <\/p>\n","protected":false},"author":1,"featured_media":0,"parent":0,"menu_order":0,"comment_status":"closed","ping_status":"closed","template":"","meta":{"footnotes":""},"class_list":["post-292","page","type-page","status-publish","hentry"],"yoast_head":"<!-- This site is optimized with the Yoast SEO plugin v27.6 - https:\/\/yoast.com\/product\/yoast-seo-wordpress\/ -->\n<title>Nous contacter - ChatGPT 247<\/title>\n<meta name=\"robots\" content=\"index, follow, max-snippet:-1, max-image-preview:large, max-video-preview:-1\" \/>\n<link rel=\"canonical\" href=\"https:\/\/www.chatgpt247.com\/fr\/nous-contacter\/\" \/>\n<meta property=\"og:locale\" content=\"fr_FR\" \/>\n<meta property=\"og:type\" content=\"article\" \/>\n<meta property=\"og:title\" content=\"Nous contacter - ChatGPT 247\" \/>\n<meta property=\"og:description\" content=\"Bienvenue sur notre page de contact ! Ici, vous pouvez nous envoyer un message pour diff\u00e9rentes raisons : une demande de renseignements, une suggestion, une mise en relation, ou tout simplement pour nous dire bonjour ! Nous sommes toujours ravis de recevoir des messages de nos visiteurs et nous nous &hellip;\" \/>\n<meta property=\"og:url\" content=\"https:\/\/www.chatgpt247.com\/fr\/nous-contacter\/\" \/>\n<meta property=\"og:site_name\" content=\"ChatGPT 247\" \/>\n<meta property=\"article:modified_time\" content=\"2023-05-16T10:15:21+00:00\" \/>\n<meta property=\"og:image\" content=\"https:\/\/www.chatgpt247.com\/wp-content\/uploads\/2023\/08\/machine-learning.jpg\" \/>\n\t<meta property=\"og:image:width\" content=\"1500\" \/>\n\t<meta property=\"og:image:height\" content=\"1000\" \/>\n\t<meta property=\"og:image:type\" content=\"image\/jpeg\" \/>\n<meta name=\"twitter:card\" content=\"summary_large_image\" \/>\n<meta name=\"twitter:label1\" content=\"Dur\u00e9e de lecture estim\u00e9e\" \/>\n\t<meta name=\"twitter:data1\" content=\"1 minute\" \/>\n<script type=\"application\/ld+json\" class=\"yoast-schema-graph\">{\"@context\":\"https:\\\/\\\/schema.org\",\"@graph\":[{\"@type\":\"WebPage\",\"@id\":\"https:\\\/\\\/www.chatgpt247.com\\\/fr\\\/nous-contacter\\\/\",\"url\":\"https:\\\/\\\/www.chatgpt247.com\\\/fr\\\/nous-contacter\\\/\",\"name\":\"Nous contacter - ChatGPT 247\",\"isPartOf\":{\"@id\":\"https:\\\/\\\/www.chatgpt247.com\\\/fr\\\/#website\"},\"datePublished\":\"2023-05-16T10:15:20+00:00\",\"dateModified\":\"2023-05-16T10:15:21+00:00\",\"breadcrumb\":{\"@id\":\"https:\\\/\\\/www.chatgpt247.com\\\/fr\\\/nous-contacter\\\/#breadcrumb\"},\"inLanguage\":\"fr-FR\",\"potentialAction\":[{\"@type\":\"ReadAction\",\"target\":[\"https:\\\/\\\/www.chatgpt247.com\\\/fr\\\/nous-contacter\\\/\"]}]},{\"@type\":\"BreadcrumbList\",\"@id\":\"https:\\\/\\\/www.chatgpt247.com\\\/fr\\\/nous-contacter\\\/#breadcrumb\",\"itemListElement\":[{\"@type\":\"ListItem\",\"position\":1,\"name\":\"Home\",\"item\":\"https:\\\/\\\/www.chatgpt247.com\\\/fr\\\/\"},{\"@type\":\"ListItem\",\"position\":2,\"name\":\"Nous contacter\"}]},{\"@type\":\"WebSite\",\"@id\":\"https:\\\/\\\/www.chatgpt247.com\\\/fr\\\/#website\",\"url\":\"https:\\\/\\\/www.chatgpt247.com\\\/fr\\\/\",\"name\":\"ChatGPT 247\",\"description\":\"\",\"publisher\":{\"@id\":\"https:\\\/\\\/www.chatgpt247.com\\\/fr\\\/#organization\"},\"potentialAction\":[{\"@type\":\"SearchAction\",\"target\":{\"@type\":\"EntryPoint\",\"urlTemplate\":\"https:\\\/\\\/www.chatgpt247.com\\\/fr\\\/?s={search_term_string}\"},\"query-input\":{\"@type\":\"PropertyValueSpecification\",\"valueRequired\":true,\"valueName\":\"search_term_string\"}}],\"inLanguage\":\"fr-FR\"},{\"@type\":\"Organization\",\"@id\":\"https:\\\/\\\/www.chatgpt247.com\\\/fr\\\/#organization\",\"name\":\"ChatGPT 247\",\"url\":\"https:\\\/\\\/www.chatgpt247.com\\\/fr\\\/\",\"logo\":{\"@type\":\"ImageObject\",\"inLanguage\":\"fr-FR\",\"@id\":\"https:\\\/\\\/www.chatgpt247.com\\\/fr\\\/#\\\/schema\\\/logo\\\/image\\\/\",\"url\":\"https:\\\/\\\/www.chatgpt247.com\\\/wp-content\\\/uploads\\\/2023\\\/06\\\/chatgpt-translation.jpg\",\"contentUrl\":\"https:\\\/\\\/www.chatgpt247.com\\\/wp-content\\\/uploads\\\/2023\\\/06\\\/chatgpt-translation.jpg\",\"width\":1500,\"height\":1015,\"caption\":\"ChatGPT 247\"},\"image\":{\"@id\":\"https:\\\/\\\/www.chatgpt247.com\\\/fr\\\/#\\\/schema\\\/logo\\\/image\\\/\"}}]}<\/script>\n<!-- \/ Yoast SEO plugin. -->","yoast_head_json":{"title":"Nous contacter - ChatGPT 247","robots":{"index":"index","follow":"follow","max-snippet":"max-snippet:-1","max-image-preview":"max-image-preview:large","max-video-preview":"max-video-preview:-1"},"canonical":"https:\/\/www.chatgpt247.com\/fr\/nous-contacter\/","og_locale":"fr_FR","og_type":"article","og_title":"Nous contacter - ChatGPT 247","og_description":"Bienvenue sur notre page de contact ! Ici, vous pouvez nous envoyer un message pour diff\u00e9rentes raisons : une demande de renseignements, une suggestion, une mise en relation, ou tout simplement pour nous dire bonjour ! Nous sommes toujours ravis de recevoir des messages de nos visiteurs et nous nous &hellip;","og_url":"https:\/\/www.chatgpt247.com\/fr\/nous-contacter\/","og_site_name":"ChatGPT 247","article_modified_time":"2023-05-16T10:15:21+00:00","og_image":[{"width":1500,"height":1000,"url":"https:\/\/www.chatgpt247.com\/wp-content\/uploads\/2023\/08\/machine-learning.jpg","type":"image\/jpeg"}],"twitter_card":"summary_large_image","twitter_misc":{"Dur\u00e9e de lecture estim\u00e9e":"1 minute"},"schema":{"@context":"https:\/\/schema.org","@graph":[{"@type":"WebPage","@id":"https:\/\/www.chatgpt247.com\/fr\/nous-contacter\/","url":"https:\/\/www.chatgpt247.com\/fr\/nous-contacter\/","name":"Nous contacter - ChatGPT 247","isPartOf":{"@id":"https:\/\/www.chatgpt247.com\/fr\/#website"},"datePublished":"2023-05-16T10:15:20+00:00","dateModified":"2023-05-16T10:15:21+00:00","breadcrumb":{"@id":"https:\/\/www.chatgpt247.com\/fr\/nous-contacter\/#breadcrumb"},"inLanguage":"fr-FR","potentialAction":[{"@type":"ReadAction","target":["https:\/\/www.chatgpt247.com\/fr\/nous-contacter\/"]}]},{"@type":"BreadcrumbList","@id":"https:\/\/www.chatgpt247.com\/fr\/nous-contacter\/#breadcrumb","itemListElement":[{"@type":"ListItem","position":1,"name":"Home","item":"https:\/\/www.chatgpt247.com\/fr\/"},{"@type":"ListItem","position":2,"name":"Nous contacter"}]},{"@type":"WebSite","@id":"https:\/\/www.chatgpt247.com\/fr\/#website","url":"https:\/\/www.chatgpt247.com\/fr\/","name":"ChatGPT 247","description":"","publisher":{"@id":"https:\/\/www.chatgpt247.com\/fr\/#organization"},"potentialAction":[{"@type":"SearchAction","target":{"@type":"EntryPoint","urlTemplate":"https:\/\/www.chatgpt247.com\/fr\/?s={search_term_string}"},"query-input":{"@type":"PropertyValueSpecification","valueRequired":true,"valueName":"search_term_string"}}],"inLanguage":"fr-FR"},{"@type":"Organization","@id":"https:\/\/www.chatgpt247.com\/fr\/#organization","name":"ChatGPT 247","url":"https:\/\/www.chatgpt247.com\/fr\/","logo":{"@type":"ImageObject","inLanguage":"fr-FR","@id":"https:\/\/www.chatgpt247.com\/fr\/#\/schema\/logo\/image\/","url":"https:\/\/www.chatgpt247.com\/wp-content\/uploads\/2023\/06\/chatgpt-translation.jpg","contentUrl":"https:\/\/www.chatgpt247.com\/wp-content\/uploads\/2023\/06\/chatgpt-translation.jpg","width":1500,"height":1015,"caption":"ChatGPT 247"},"image":{"@id":"https:\/\/www.chatgpt247.com\/fr\/#\/schema\/logo\/image\/"}}]}},"_links":{"self":[{"href":"https:\/\/www.chatgpt247.com\/fr\/wp-json\/wp\/v2\/pages\/292","targetHints":{"allow":["GET"]}}],"collection":[{"href":"https:\/\/www.chatgpt247.com\/fr\/wp-json\/wp\/v2\/pages"}],"about":[{"href":"https:\/\/www.chatgpt247.com\/fr\/wp-json\/wp\/v2\/types\/page"}],"author":[{"embeddable":true,"href":"https:\/\/www.chatgpt247.com\/fr\/wp-json\/wp\/v2\/users\/1"}],"replies":[{"embeddable":true,"href":"https:\/\/www.chatgpt247.com\/fr\/wp-json\/wp\/v2\/comments?post=292"}],"version-history":[{"count":0,"href":"https:\/\/www.chatgpt247.com\/fr\/wp-json\/wp\/v2\/pages\/292\/revisions"}],"wp:attachment":[{"href":"https:\/\/www.chatgpt247.com\/fr\/wp-json\/wp\/v2\/media?parent=292"}],"curies":[{"name":"wp","href":"https:\/\/api.w.org\/{rel}","templated":true}]}}