{"id":419,"date":"2023-05-17T09:06:33","date_gmt":"2023-05-17T09:06:33","guid":{"rendered":"https:\/\/www.chatgpt247.com\/sitemap\/"},"modified":"2023-05-17T12:14:54","modified_gmt":"2023-05-17T12:14:54","slug":"sitemap","status":"publish","type":"page","link":"https:\/\/www.chatgpt247.com\/fr\/sitemap\/","title":{"rendered":"Plan du site"},"content":{"rendered":"<div id=\"simple-sitemap-container-6a0228c748527\" class=\"simple-sitemap-container simple-sitemap-container-6a0228c748527 tab-disabled\"><div class=\"simple-sitemap-wrap\"><h3 class=\"post-type\">Articles<\/h3><ul class=\"simple-sitemap-post main\"><li class=\"sitemap-item\"><a href=\"https:\/\/www.chatgpt247.com\/fr\/chatgpt-fitness-sport\/\">Am\u00e9liorer sa pratique sportive et briser les st\u00e9r\u00e9otypes avec les conseils fitness de ChatGPT<\/a><\/li><li class=\"sitemap-item\"><a href=\"https:\/\/www.chatgpt247.com\/fr\/anthropic-claude-europe\/\">Anthropic lance Claude en Europe pour concurrencer ChatGPT<\/a><\/li><li class=\"sitemap-item\"><a href=\"https:\/\/www.chatgpt247.com\/fr\/apple-openai-partenariat-revolutionnaire\/\">Apple et OpenAI : Un Partenariat R\u00e9volutionnaire Suscite des Controverses<\/a><\/li><li class=\"sitemap-item\"><a href=\"https:\/\/www.chatgpt247.com\/fr\/automatisation-processus-vente-chatgpt\/\">Automatisation du processus de vente avec ChatGPT : une r\u00e9volution pour les entreprises<\/a><\/li><li class=\"sitemap-item\"><a href=\"https:\/\/www.chatgpt247.com\/fr\/chatbotgpt-en-ligne\/\">ChatbotGPT en ligne : une r\u00e9volution dans la communication avec les clients<\/a><\/li><li class=\"sitemap-item\"><a href=\"https:\/\/www.chatgpt247.com\/fr\/chatgpt-education-distance\/\">ChatGPT : l&rsquo;agent conversationnel au service de l&rsquo;\u00e9ducation \u00e0 distance<\/a><\/li><li class=\"sitemap-item\"><a href=\"https:\/\/www.chatgpt247.com\/fr\/analyse-donnees-chatgpt\/\">ChatGPT : l&rsquo;outil r\u00e9volutionnaire pour l&rsquo;analyse des donn\u00e9es<\/a><\/li><li class=\"sitemap-item\"><a href=\"https:\/\/www.chatgpt247.com\/fr\/chatgpt-marketing-publicite\/\">ChatGPT : l&rsquo;outil r\u00e9volutionnaire pour le marketing et la publicit\u00e9<\/a><\/li><li class=\"sitemap-item\"><a href=\"https:\/\/www.chatgpt247.com\/fr\/chatgpt-travail-distance\/\">ChatGPT : L&rsquo;outil r\u00e9volutionnaire pour le travail \u00e0 distance<\/a><\/li><li class=\"sitemap-item\"><a href=\"https:\/\/www.chatgpt247.com\/fr\/communication-interne-chatgpt\/\">ChatGPT : la r\u00e9volution de la communication interne gr\u00e2ce \u00e0 l&rsquo;IA<\/a><\/li><li class=\"sitemap-item\"><a href=\"https:\/\/www.chatgpt247.com\/fr\/chatgpt-traduction-automatisee\/\">ChatGPT : Le futur de la traduction automatis\u00e9e<\/a><\/li><li class=\"sitemap-item\"><a href=\"https:\/\/www.chatgpt247.com\/fr\/chatgpt-service-client\/\">ChatGPT : Un soutien efficace pour vos clients<\/a><\/li><li class=\"sitemap-item\"><a href=\"https:\/\/www.chatgpt247.com\/fr\/chatgpt-gestion-projet\/\">ChatGPT : une innovation majeure pour la gestion de projet<\/a><\/li><li class=\"sitemap-item\"><a href=\"https:\/\/www.chatgpt247.com\/fr\/chatgpt-chinois\/\">ChatGPT chinois : le nouvel acteur du march\u00e9 de l&rsquo;intelligence artificielle<\/a><\/li><li class=\"sitemap-item\"><a href=\"https:\/\/www.chatgpt247.com\/fr\/chatgpt-en-italien\/\">ChatGPT en italien : l&rsquo;intelligence artificielle pour des conversations naturelles<\/a><\/li><li class=\"sitemap-item\"><a href=\"https:\/\/www.chatgpt247.com\/fr\/chatgpt-droit-auteur\/\">ChatGPT et le droit d&rsquo;auteur : ce qu&rsquo;il faut savoir<\/a><\/li><li class=\"sitemap-item\"><a href=\"https:\/\/www.chatgpt247.com\/fr\/chatgpt-pour-entreprises\/\">ChatGPT et les entreprises : un duo gagnant pour am\u00e9liorer la communication<\/a><\/li><li class=\"sitemap-item\"><a href=\"https:\/\/www.chatgpt247.com\/fr\/chatgpt-iphone\/\">ChatGPT iPhone : l&rsquo;intelligence artificielle d&rsquo;OpenAI d\u00e9barque sur les smartphones Apple<\/a><\/li><li class=\"sitemap-item\"><a href=\"https:\/\/www.chatgpt247.com\/fr\/chatgpt-mac\/\">ChatGPT Mac : tout ce que vous devez savoir<\/a><\/li><li class=\"sitemap-item\"><a href=\"https:\/\/www.chatgpt247.com\/fr\/chatgpt-math\/\">ChatGPT Math : Votre assistant virtuel pour r\u00e9soudre vos probl\u00e8mes math\u00e9matiques<\/a><\/li><li class=\"sitemap-item\"><a href=\"https:\/\/www.chatgpt247.com\/fr\/chatgpt-polonais\/\">ChatGPT Polonais : Une r\u00e9volution dans les interactions en ligne<\/a><\/li><li class=\"sitemap-item\"><a href=\"https:\/\/www.chatgpt247.com\/fr\/chatgpt-russe\/\">ChatGPT russe : une r\u00e9volution dans la communication en ligne<\/a><\/li><li class=\"sitemap-item\"><a href=\"https:\/\/www.chatgpt247.com\/fr\/chatgpt-voix\/\">ChatGPT Voix\u00a0: L&rsquo;IA r\u00e9volutionnaire capable de cloner n&rsquo;importe quelle voix<\/a><\/li><li class=\"sitemap-item\"><a href=\"https:\/\/www.chatgpt247.com\/fr\/chatgpt-pour-etudiant\/\">ChatGPT, l&rsquo;alli\u00e9 de l&rsquo;\u00e9tudiant pour r\u00e9ussir ses examens<\/a><\/li><li class=\"sitemap-item\"><a href=\"https:\/\/www.chatgpt247.com\/fr\/chatgpt-artistes\/\">ChatGPT, l&rsquo;alli\u00e9 des artistes pour une cr\u00e9ation musicale innovante<\/a><\/li><li class=\"sitemap-item\"><a href=\"https:\/\/www.chatgpt247.com\/fr\/chatgpt-outil-ecrivains-scenaristes\/\">ChatGPT, un nouvel outil r\u00e9volutionnaire pour les \u00e9crivains et sc\u00e9naristes<\/a><\/li><li class=\"sitemap-item\"><a href=\"https:\/\/www.chatgpt247.com\/fr\/comment-automatiser-chatbot-faq\/\">Comment automatiser un chatbot FAQ ?<\/a><\/li><li class=\"sitemap-item\"><a href=\"https:\/\/www.chatgpt247.com\/fr\/detecter-chatgpt\/\">Comment d\u00e9tecter ChatGPT pour prot\u00e9ger votre entreprise<\/a><\/li><li class=\"sitemap-item\"><a href=\"https:\/\/www.chatgpt247.com\/fr\/intelligence-artificielle-immobilier\/\">Comment l&rsquo;intelligence artificielle r\u00e9volutionne le secteur immobilier<\/a><\/li><li class=\"sitemap-item\"><a href=\"https:\/\/www.chatgpt247.com\/fr\/chatgpt-espagnol\/\">Communiquez facilement avec la technologie Chat GPT en espagnol<\/a><\/li><li class=\"sitemap-item\"><a href=\"https:\/\/www.chatgpt247.com\/fr\/intelligence-artificielle-definition-enjeux\/\">Comprendre l&rsquo;intelligence artificielle : d\u00e9finition et enjeux<\/a><\/li><li class=\"sitemap-item\"><a href=\"https:\/\/www.chatgpt247.com\/fr\/comprendre-intelligence-artificielle\/\">Comprendre l&rsquo;intelligence artificielle GPT : une r\u00e9volution dans la technologie moderne<\/a><\/li><li class=\"sitemap-item\"><a href=\"https:\/\/www.chatgpt247.com\/fr\/agent-conversationnel-definition\/\">Comprendre les agents conversationnels : d\u00e9finition et utilit\u00e9<\/a><\/li><li class=\"sitemap-item\"><a href=\"https:\/\/www.chatgpt247.com\/fr\/creation-images-photos-intelligence-artificielle\/\">Cr\u00e9ation d&rsquo;images et de photos gr\u00e2ce \u00e0 l&rsquo;intelligence artificielle<\/a><\/li><li class=\"sitemap-item\"><a href=\"https:\/\/www.chatgpt247.com\/fr\/chatbot-cahier-des-charges\/\">Cr\u00e9er un chatbot performant : le guide ultime du cahier des charges<\/a><\/li><li class=\"sitemap-item\"><a href=\"https:\/\/www.chatgpt247.com\/fr\/chatbot-entreprise\/\">Cr\u00e9er un chatbot pour entreprise : une strat\u00e9gie gagnante<\/a><\/li><li class=\"sitemap-item\"><a href=\"https:\/\/www.chatgpt247.com\/fr\/chatgpt-4\/\">D\u00e9couverte du ChatGPT 4 : une r\u00e9volution dans la communication en ligne<\/a><\/li><li class=\"sitemap-item\"><a href=\"https:\/\/www.chatgpt247.com\/fr\/chatgpt-definition\/\">D\u00e9couvrez ChatGPT : D\u00e9finition du compagnon de conversation gratuit bas\u00e9 sur l&rsquo;intelligence artificielle<\/a><\/li><li class=\"sitemap-item\"><a href=\"https:\/\/www.chatgpt247.com\/fr\/chatgpt-traduction\/\">D\u00e9couvrez ChatGPT : l&rsquo;outil r\u00e9volutionnaire pour traduire vos conversations<\/a><\/li><li class=\"sitemap-item\"><a href=\"https:\/\/www.chatgpt247.com\/fr\/decouvrez-chatgpt-4\/\">D\u00e9couvrez ChatGPT 4 : l&rsquo;avenir des applications de conversation intelligentes<\/a><\/li><li class=\"sitemap-item\"><a href=\"https:\/\/www.chatgpt247.com\/fr\/chatgpt-poeme\/\">D\u00e9couvrez ChatGPT Po\u00e8me : la r\u00e9volution de la po\u00e9sie par l&rsquo;intelligence artificielle<\/a><\/li><li class=\"sitemap-item\"><a href=\"https:\/\/www.chatgpt247.com\/fr\/chatgpt-scenario\/\">D\u00e9couvrez ChatGPT, l&rsquo;outil r\u00e9volutionnant la cr\u00e9ation de sc\u00e9narios<\/a><\/li><li class=\"sitemap-item\"><a href=\"https:\/\/www.chatgpt247.com\/fr\/limites-chatgpt\/\">D\u00e9couvrez les limites de ChatGPT pour une exp\u00e9rience utilisateur optimale<\/a><\/li><li class=\"sitemap-item\"><a href=\"https:\/\/www.chatgpt247.com\/fr\/prompt-chatgpt\/\">D\u00e9couvrez les secrets de la r\u00e9daction prompt avec ChatGPT<\/a><\/li><li class=\"sitemap-item\"><a href=\"https:\/\/www.chatgpt247.com\/fr\/my-ai-snapchat\/\">D\u00e9couvrez My IA Snapchat : une r\u00e9volution dans le monde des chatbots<\/a><\/li><li class=\"sitemap-item\"><a href=\"https:\/\/www.chatgpt247.com\/fr\/chatgpt-en-panne\/\">D\u00e9couvrez si ChatGPT est en panne<\/a><\/li><li class=\"sitemap-item\"><a href=\"https:\/\/www.chatgpt247.com\/fr\/detecteur-chatgpt-ia\/\">D\u00e9tecteur de textes ChatGPT et IA<\/a><\/li><li class=\"sitemap-item\"><a href=\"https:\/\/www.chatgpt247.com\/fr\/chatgpt-lettre-amour\/\">Donnez vie \u00e0 vos sentiments gr\u00e2ce \u00e0 ChatGPT : Lettre d&rsquo;amour<\/a><\/li><li class=\"sitemap-item\"><a href=\"https:\/\/www.chatgpt247.com\/fr\/meditation-chatgpt\/\">Exp\u00e9rience de m\u00e9ditation avec ChatGPT<\/a><\/li><li class=\"sitemap-item\"><a href=\"https:\/\/www.chatgpt247.com\/fr\/impact-du-chatgpt\/\">Explorer l&rsquo;\u00e9volution et l&rsquo;impact du ChatGPT \u00e0 l&rsquo;\u00e8re num\u00e9rique<\/a><\/li><li class=\"sitemap-item\"><a href=\"https:\/\/www.chatgpt247.com\/fr\/midjourney-intelligence-artificielle\/\">Explorer le monde de Midjourney\u00a0\u00a0: intelligence artificielle et cr\u00e9ation visuelle<\/a><\/li><li class=\"sitemap-item\"><a href=\"https:\/\/www.chatgpt247.com\/fr\/gemini-reponse-google-openai\/\">Gemini : La r\u00e9ponse de Google au leader du march\u00e9 OpenAI<\/a><\/li><li class=\"sitemap-item\"><a href=\"https:\/\/www.chatgpt247.com\/fr\/google-deepmind-avenir-intelligence-artificielle\/\">Google Deepmind : L&rsquo;avenir incertain de l&rsquo;intelligence artificielle<\/a><\/li><li class=\"sitemap-item\"><a href=\"https:\/\/www.chatgpt247.com\/fr\/grok-ai-intelligence-artificielle-innovation\/\">Grok AI : la nouvelle fronti\u00e8re de l&rsquo;innovation en mati\u00e8re d&rsquo;intelligence artificielle<\/a><\/li><li class=\"sitemap-item\"><a href=\"https:\/\/www.chatgpt247.com\/fr\/informatique-quantique-et-intelligence-artificielle\/\">Informatique quantique et intelligence artificielle : une r\u00e9volution technologique en marche<\/a><\/li><li class=\"sitemap-item\"><a href=\"https:\/\/www.chatgpt247.com\/fr\/intelligence-artificielle-finance\/\">Intelligence Artificielle : Transformation du secteur financier<\/a><\/li><li class=\"sitemap-item\"><a href=\"https:\/\/www.chatgpt247.com\/fr\/intelligence-artificielle-moteurs-de-recherche\/\">Intelligence artificielle et moteurs de recherche : une alliance r\u00e9volutionnaire<\/a><\/li><li class=\"sitemap-item\"><a href=\"https:\/\/www.chatgpt247.com\/fr\/intelligence-artificielle-securite\/\">Intelligence Artificielle et s\u00e9curit\u00e9 : ce qu&rsquo;il faut savoir<\/a><\/li><li class=\"sitemap-item\"><a href=\"https:\/\/www.chatgpt247.com\/fr\/laube-de-google-gemini\/\">L&rsquo;aube de Google Gemini : la nouvelle \u00e8re de l&rsquo;IA en perspective<\/a><\/li><li class=\"sitemap-item\"><a href=\"https:\/\/www.chatgpt247.com\/fr\/intelligence-artificielle-generative\/\">L&rsquo;essor de l&rsquo;intelligence artificielle g\u00e9n\u00e9rative : une r\u00e9volution pour les entreprises<\/a><\/li><li class=\"sitemap-item\"><a href=\"https:\/\/www.chatgpt247.com\/fr\/ethique-intelligence-artificielle\/\">L&rsquo;\u00e9thique en intelligence artificielle : un enjeu majeur pour les \u00c9tats membres<\/a><\/li><li class=\"sitemap-item\"><a href=\"https:\/\/www.chatgpt247.com\/fr\/reconnaissance-faciale\/\">L&rsquo;intelligence artificielle et la reconnaissance faciale : une r\u00e9volution technologique<\/a><\/li><li class=\"sitemap-item\"><a href=\"https:\/\/www.chatgpt247.com\/fr\/intelligence-artificielle-images\/\">L&rsquo;intelligence artificielle et les images<\/a><\/li><li class=\"sitemap-item\"><a href=\"https:\/\/www.chatgpt247.com\/fr\/intelligence-artificielle-automobile\/\">L&rsquo;intelligence artificielle r\u00e9volutionne le secteur automobile<\/a><\/li><li class=\"sitemap-item\"><a href=\"https:\/\/www.chatgpt247.com\/fr\/cybersecurite-intelligence-artificielle\/\">L&rsquo;intersection de la cybers\u00e9curit\u00e9 et de l&rsquo;intelligence artificielle : une alliance strat\u00e9gique<\/a><\/li><li class=\"sitemap-item\"><a href=\"https:\/\/www.chatgpt247.com\/fr\/openai-partenariats-innovation\/\">L&rsquo;OpenAI \u00e9largit ses horizons : Partenariats, innovations et d\u00e9bats \u00e9thiques<\/a><\/li><li class=\"sitemap-item\"><a href=\"https:\/\/www.chatgpt247.com\/fr\/revolution-voiture-autonome\/\">La r\u00e9volution de la voiture autonome en marche<\/a><\/li><li class=\"sitemap-item\"><a href=\"https:\/\/www.chatgpt247.com\/fr\/chatbot-definition-fonctionnement\/\">La r\u00e9volution des chatbots : d\u00e9finition et fonctionnement<\/a><\/li><li class=\"sitemap-item\"><a href=\"https:\/\/www.chatgpt247.com\/fr\/nvidia-blackwell-intelligence-artificielle\/\">Lancement du Nvidia Blackwell : l&rsquo;acc\u00e9l\u00e9ration de l&rsquo;intelligence artificielle avec un nouveau GPU<\/a><\/li><li class=\"sitemap-item\"><a href=\"https:\/\/www.chatgpt247.com\/fr\/chat-gpt-allemand\/\">Le Chat GPT en allemand : une r\u00e9volution dans la communication<\/a><\/li><li class=\"sitemap-item\"><a href=\"https:\/\/www.chatgpt247.com\/fr\/chat-gpt-francais\/\">Le chat GPT en fran\u00e7ais : une r\u00e9volution pour les assistants virtuels<\/a><\/li><li class=\"sitemap-item\"><a href=\"https:\/\/www.chatgpt247.com\/fr\/cinema-intelligence-artificielle\/\">Le cin\u00e9ma et l&rsquo;Intelligence Artificielle : une histoire fascinante<\/a><\/li><li class=\"sitemap-item\"><a href=\"https:\/\/www.chatgpt247.com\/fr\/le-pouvoir-de-lintelligence-artificielle-et-des-reseaux-neuronaux\/\">Le pouvoir de l&rsquo;intelligence artificielle et des r\u00e9seaux neuronaux<\/a><\/li><li class=\"sitemap-item\"><a href=\"https:\/\/www.chatgpt247.com\/fr\/algorithmes-intelligence-artificielle\/\">Les algorithmes de l&rsquo;intelligence artificielle : fonctionnement et applications<\/a><\/li><li class=\"sitemap-item\"><a href=\"https:\/\/www.chatgpt247.com\/fr\/changement-revolutionnaire-chatgpt-o3\/\">Les changements r\u00e9volutionnaires de ChatGPT avec le mod\u00e8le o3<\/a><\/li><li class=\"sitemap-item\"><a href=\"https:\/\/www.chatgpt247.com\/fr\/chatgpt-anglais\/\">Les chatbots GPT en anglais : une r\u00e9volution dans la communication num\u00e9rique<\/a><\/li><li class=\"sitemap-item\"><a href=\"https:\/\/www.chatgpt247.com\/fr\/service-client-chatbot-chatgpt\/\">Les chatbots, service client et ChatGPT : une r\u00e9volution pour les entreprises<\/a><\/li><li class=\"sitemap-item\"><a href=\"https:\/\/www.chatgpt247.com\/fr\/objectifs-openai\/\">Les objectifs d&rsquo;OpenAI : transformer l&rsquo;intelligence artificielle pour le bien de tous<\/a><\/li><li class=\"sitemap-item\"><a href=\"https:\/\/www.chatgpt247.com\/fr\/generation-code-gpt\/\">Les outils r\u00e9volutionnaires de g\u00e9n\u00e9ration de code : GPT et l&rsquo;intelligence artificielle<\/a><\/li><li class=\"sitemap-item\"><a href=\"https:\/\/www.chatgpt247.com\/fr\/machine-learning\/\">Machine Learning : la r\u00e9volution de l&rsquo;intelligence artificielle<\/a><\/li><li class=\"sitemap-item\"><a href=\"https:\/\/www.chatgpt247.com\/fr\/rediger-email-chatgpt\/\">Ma\u00eetriser l&rsquo;art de r\u00e9diger un email avec ChatGPT<\/a><\/li><li class=\"sitemap-item\"><a href=\"https:\/\/www.chatgpt247.com\/fr\/maitriser-chatgpt\/\">Ma\u00eetrisez ChatGPT pour une communication am\u00e9lior\u00e9e<\/a><\/li><li class=\"sitemap-item\"><a href=\"https:\/\/www.chatgpt247.com\/fr\/developpement-jeux-video-chatgpt\/\">Ma\u00eetrisez le d\u00e9veloppement de jeux vid\u00e9o avec ChatGPT<\/a><\/li><li class=\"sitemap-item\"><a href=\"https:\/\/www.chatgpt247.com\/fr\/chatgpt-ecommerce\/\">Maximiser l&rsquo;efficacit\u00e9 de votre E-commerce avec ChatGPT<\/a><\/li><li class=\"sitemap-item\"><a href=\"https:\/\/www.chatgpt247.com\/fr\/recrutement-chatgpt\/\">Maximiser votre recrutement avec ChatGPT<\/a><\/li><li class=\"sitemap-item\"><a href=\"https:\/\/www.chatgpt247.com\/fr\/mercedes-chatgpt\/\">Mercedes int\u00e8gre ChatGPT \u00e0 son assistant vocal MBUX pour une exp\u00e9rience utilisateur plus intuitive<\/a><\/li><li class=\"sitemap-item\"><a href=\"https:\/\/www.chatgpt247.com\/fr\/microsoft-copilot-assistant-android\/\">Microsoft Copilot : L&rsquo;assistant intelligent innovant pour Android<\/a><\/li><li class=\"sitemap-item\"><a href=\"https:\/\/www.chatgpt247.com\/fr\/mistral-intelligence-artificielle\/\">Mistral AI : une intelligence artificielle fran\u00e7aise r\u00e9volutionnaire en plein essor<\/a><\/li><li class=\"sitemap-item\"><a href=\"https:\/\/www.chatgpt247.com\/fr\/compte-rendu-reunion-chatgpt\/\">Optimisez la r\u00e9daction de vos comptes rendus de r\u00e9unions avec ChatGPT<\/a><\/li><li class=\"sitemap-item\"><a href=\"https:\/\/www.chatgpt247.com\/fr\/chatgpt-description-produit\/\">Optimisez vos descriptions de produit avec ChatGPT<\/a><\/li><li class=\"sitemap-item\"><a href=\"https:\/\/www.chatgpt247.com\/fr\/chatgpt-simulation-credit\/\">Optimisez votre cr\u00e9dit avec ChatGPT simulation cr\u00e9dit<\/a><\/li><li class=\"sitemap-item\"><a href=\"https:\/\/www.chatgpt247.com\/fr\/seo-chatgpt\/\">Optimisez votre r\u00e9f\u00e9rencement avec ChatGPT et le SEO<\/a><\/li><li class=\"sitemap-item\"><a href=\"https:\/\/www.chatgpt247.com\/fr\/vacances-intelligence-artificielle\/\">Planifiez vos vacances avec l&rsquo;intelligence artificielle ChatGPT<\/a><\/li><li class=\"sitemap-item\"><a href=\"https:\/\/www.chatgpt247.com\/fr\/chatgpt-lettre-motivation\/\">R\u00e9diger une lettre de motivation percutante avec ChatGPT<\/a><\/li><li class=\"sitemap-item\"><a href=\"https:\/\/www.chatgpt247.com\/fr\/traitement-langage-naturel\/\">Traitement automatique du langage naturel : les cl\u00e9s pour d\u00e9mystifier cette technologie<\/a><\/li><li class=\"sitemap-item\"><a href=\"https:\/\/www.chatgpt247.com\/fr\/claude-ai-intelligence-artificielle\/\">Une nouvelle g\u00e9n\u00e9ration d&rsquo;intelligence artificielle : Claude AI<\/a><\/li><\/ul><\/div><\/div><br style=\"clear: both;\">\n","protected":false},"excerpt":{"rendered":"","protected":false},"author":1,"featured_media":0,"parent":0,"menu_order":0,"comment_status":"closed","ping_status":"closed","template":"","meta":{"footnotes":""},"class_list":["post-419","page","type-page","status-publish","hentry"],"yoast_head":"<!-- This site is optimized with the Yoast SEO plugin v27.5 - https:\/\/yoast.com\/product\/yoast-seo-wordpress\/ -->\n<title>Plan du site - ChatGPT 247<\/title>\n<meta name=\"robots\" content=\"index, follow, max-snippet:-1, max-image-preview:large, max-video-preview:-1\" \/>\n<link rel=\"canonical\" href=\"https:\/\/www.chatgpt247.com\/fr\/sitemap\/\" \/>\n<meta property=\"og:locale\" content=\"fr_FR\" \/>\n<meta property=\"og:type\" content=\"article\" \/>\n<meta property=\"og:title\" content=\"Plan du site - ChatGPT 247\" \/>\n<meta property=\"og:url\" content=\"https:\/\/www.chatgpt247.com\/fr\/sitemap\/\" \/>\n<meta property=\"og:site_name\" content=\"ChatGPT 247\" \/>\n<meta property=\"article:modified_time\" content=\"2023-05-17T12:14:54+00:00\" \/>\n<meta property=\"og:image\" content=\"https:\/\/www.chatgpt247.com\/wp-content\/uploads\/2023\/08\/machine-learning.jpg\" \/>\n\t<meta property=\"og:image:width\" content=\"1500\" \/>\n\t<meta property=\"og:image:height\" content=\"1000\" \/>\n\t<meta property=\"og:image:type\" content=\"image\/jpeg\" \/>\n<meta name=\"twitter:card\" content=\"summary_large_image\" \/>\n<meta name=\"twitter:label1\" content=\"Dur\u00e9e de lecture estim\u00e9e\" \/>\n\t<meta name=\"twitter:data1\" content=\"1 minute\" \/>\n<script type=\"application\/ld+json\" class=\"yoast-schema-graph\">{\"@context\":\"https:\\\/\\\/schema.org\",\"@graph\":[{\"@type\":\"WebPage\",\"@id\":\"https:\\\/\\\/www.chatgpt247.com\\\/fr\\\/sitemap\\\/\",\"url\":\"https:\\\/\\\/www.chatgpt247.com\\\/fr\\\/sitemap\\\/\",\"name\":\"Plan du site - ChatGPT 247\",\"isPartOf\":{\"@id\":\"https:\\\/\\\/www.chatgpt247.com\\\/fr\\\/#website\"},\"datePublished\":\"2023-05-17T09:06:33+00:00\",\"dateModified\":\"2023-05-17T12:14:54+00:00\",\"breadcrumb\":{\"@id\":\"https:\\\/\\\/www.chatgpt247.com\\\/fr\\\/sitemap\\\/#breadcrumb\"},\"inLanguage\":\"fr-FR\",\"potentialAction\":[{\"@type\":\"ReadAction\",\"target\":[\"https:\\\/\\\/www.chatgpt247.com\\\/fr\\\/sitemap\\\/\"]}]},{\"@type\":\"BreadcrumbList\",\"@id\":\"https:\\\/\\\/www.chatgpt247.com\\\/fr\\\/sitemap\\\/#breadcrumb\",\"itemListElement\":[{\"@type\":\"ListItem\",\"position\":1,\"name\":\"Home\",\"item\":\"https:\\\/\\\/www.chatgpt247.com\\\/fr\\\/\"},{\"@type\":\"ListItem\",\"position\":2,\"name\":\"Plan du site\"}]},{\"@type\":\"WebSite\",\"@id\":\"https:\\\/\\\/www.chatgpt247.com\\\/fr\\\/#website\",\"url\":\"https:\\\/\\\/www.chatgpt247.com\\\/fr\\\/\",\"name\":\"ChatGPT 247\",\"description\":\"\",\"publisher\":{\"@id\":\"https:\\\/\\\/www.chatgpt247.com\\\/fr\\\/#organization\"},\"potentialAction\":[{\"@type\":\"SearchAction\",\"target\":{\"@type\":\"EntryPoint\",\"urlTemplate\":\"https:\\\/\\\/www.chatgpt247.com\\\/fr\\\/?s={search_term_string}\"},\"query-input\":{\"@type\":\"PropertyValueSpecification\",\"valueRequired\":true,\"valueName\":\"search_term_string\"}}],\"inLanguage\":\"fr-FR\"},{\"@type\":\"Organization\",\"@id\":\"https:\\\/\\\/www.chatgpt247.com\\\/fr\\\/#organization\",\"name\":\"ChatGPT 247\",\"url\":\"https:\\\/\\\/www.chatgpt247.com\\\/fr\\\/\",\"logo\":{\"@type\":\"ImageObject\",\"inLanguage\":\"fr-FR\",\"@id\":\"https:\\\/\\\/www.chatgpt247.com\\\/fr\\\/#\\\/schema\\\/logo\\\/image\\\/\",\"url\":\"https:\\\/\\\/www.chatgpt247.com\\\/wp-content\\\/uploads\\\/2023\\\/06\\\/chatgpt-translation.jpg\",\"contentUrl\":\"https:\\\/\\\/www.chatgpt247.com\\\/wp-content\\\/uploads\\\/2023\\\/06\\\/chatgpt-translation.jpg\",\"width\":1500,\"height\":1015,\"caption\":\"ChatGPT 247\"},\"image\":{\"@id\":\"https:\\\/\\\/www.chatgpt247.com\\\/fr\\\/#\\\/schema\\\/logo\\\/image\\\/\"}}]}<\/script>\n<!-- \/ Yoast SEO plugin. -->","yoast_head_json":{"title":"Plan du site - ChatGPT 247","robots":{"index":"index","follow":"follow","max-snippet":"max-snippet:-1","max-image-preview":"max-image-preview:large","max-video-preview":"max-video-preview:-1"},"canonical":"https:\/\/www.chatgpt247.com\/fr\/sitemap\/","og_locale":"fr_FR","og_type":"article","og_title":"Plan du site - ChatGPT 247","og_url":"https:\/\/www.chatgpt247.com\/fr\/sitemap\/","og_site_name":"ChatGPT 247","article_modified_time":"2023-05-17T12:14:54+00:00","og_image":[{"width":1500,"height":1000,"url":"https:\/\/www.chatgpt247.com\/wp-content\/uploads\/2023\/08\/machine-learning.jpg","type":"image\/jpeg"}],"twitter_card":"summary_large_image","twitter_misc":{"Dur\u00e9e de lecture estim\u00e9e":"1 minute"},"schema":{"@context":"https:\/\/schema.org","@graph":[{"@type":"WebPage","@id":"https:\/\/www.chatgpt247.com\/fr\/sitemap\/","url":"https:\/\/www.chatgpt247.com\/fr\/sitemap\/","name":"Plan du site - ChatGPT 247","isPartOf":{"@id":"https:\/\/www.chatgpt247.com\/fr\/#website"},"datePublished":"2023-05-17T09:06:33+00:00","dateModified":"2023-05-17T12:14:54+00:00","breadcrumb":{"@id":"https:\/\/www.chatgpt247.com\/fr\/sitemap\/#breadcrumb"},"inLanguage":"fr-FR","potentialAction":[{"@type":"ReadAction","target":["https:\/\/www.chatgpt247.com\/fr\/sitemap\/"]}]},{"@type":"BreadcrumbList","@id":"https:\/\/www.chatgpt247.com\/fr\/sitemap\/#breadcrumb","itemListElement":[{"@type":"ListItem","position":1,"name":"Home","item":"https:\/\/www.chatgpt247.com\/fr\/"},{"@type":"ListItem","position":2,"name":"Plan du site"}]},{"@type":"WebSite","@id":"https:\/\/www.chatgpt247.com\/fr\/#website","url":"https:\/\/www.chatgpt247.com\/fr\/","name":"ChatGPT 247","description":"","publisher":{"@id":"https:\/\/www.chatgpt247.com\/fr\/#organization"},"potentialAction":[{"@type":"SearchAction","target":{"@type":"EntryPoint","urlTemplate":"https:\/\/www.chatgpt247.com\/fr\/?s={search_term_string}"},"query-input":{"@type":"PropertyValueSpecification","valueRequired":true,"valueName":"search_term_string"}}],"inLanguage":"fr-FR"},{"@type":"Organization","@id":"https:\/\/www.chatgpt247.com\/fr\/#organization","name":"ChatGPT 247","url":"https:\/\/www.chatgpt247.com\/fr\/","logo":{"@type":"ImageObject","inLanguage":"fr-FR","@id":"https:\/\/www.chatgpt247.com\/fr\/#\/schema\/logo\/image\/","url":"https:\/\/www.chatgpt247.com\/wp-content\/uploads\/2023\/06\/chatgpt-translation.jpg","contentUrl":"https:\/\/www.chatgpt247.com\/wp-content\/uploads\/2023\/06\/chatgpt-translation.jpg","width":1500,"height":1015,"caption":"ChatGPT 247"},"image":{"@id":"https:\/\/www.chatgpt247.com\/fr\/#\/schema\/logo\/image\/"}}]}},"_links":{"self":[{"href":"https:\/\/www.chatgpt247.com\/fr\/wp-json\/wp\/v2\/pages\/419","targetHints":{"allow":["GET"]}}],"collection":[{"href":"https:\/\/www.chatgpt247.com\/fr\/wp-json\/wp\/v2\/pages"}],"about":[{"href":"https:\/\/www.chatgpt247.com\/fr\/wp-json\/wp\/v2\/types\/page"}],"author":[{"embeddable":true,"href":"https:\/\/www.chatgpt247.com\/fr\/wp-json\/wp\/v2\/users\/1"}],"replies":[{"embeddable":true,"href":"https:\/\/www.chatgpt247.com\/fr\/wp-json\/wp\/v2\/comments?post=419"}],"version-history":[{"count":0,"href":"https:\/\/www.chatgpt247.com\/fr\/wp-json\/wp\/v2\/pages\/419\/revisions"}],"wp:attachment":[{"href":"https:\/\/www.chatgpt247.com\/fr\/wp-json\/wp\/v2\/media?parent=419"}],"curies":[{"name":"wp","href":"https:\/\/api.w.org\/{rel}","templated":true}]}}